{"id":6233,"date":"2025-05-26T02:27:53","date_gmt":"2025-05-26T02:27:53","guid":{"rendered":"https:\/\/gormanstg.wpenginepowered.com\/about\/"},"modified":"2025-12-11T18:15:08","modified_gmt":"2025-12-11T18:15:08","slug":"a-propos-de","status":"publish","type":"page","link":"https:\/\/similkameenfp.com\/fr\/a-propos-de\/","title":{"rendered":"A propos de"},"content":{"rendered":"\t\t<div data-elementor-type=\"wp-page\" data-elementor-id=\"6233\" class=\"elementor elementor-6233 elementor-291\" data-elementor-post-type=\"page\">\n\t\t\t\t<div class=\"elementor-element elementor-element-333e01f e-con-full e-flex e-con e-parent\" data-id=\"333e01f\" data-element_type=\"container\" data-e-type=\"container\" data-settings=\"{&quot;background_background&quot;:&quot;classic&quot;}\">\n\t\t\t\t<div class=\"elementor-element elementor-element-1ce9379 elementor-invisible elementor-widget elementor-widget-heading\" data-id=\"1ce9379\" data-element_type=\"widget\" data-e-type=\"widget\" data-settings=\"{&quot;_animation&quot;:&quot;fadeInDown&quot;,&quot;_animation_mobile&quot;:&quot;none&quot;,&quot;_animation_delay&quot;:400}\" data-widget_type=\"heading.default\">\n\t\t\t\t<div class=\"elementor-widget-container\">\n\t\t\t\t\t<h2 class=\"elementor-heading-title elementor-size-default\">A propos de nous<\/h2>\t\t\t\t<\/div>\n\t\t\t\t<\/div>\n\t\t\t\t<div class=\"elementor-element elementor-element-8bb1d9c elementor-widget__width-initial elementor-widget-tablet__width-inherit elementor-widget-mobile__width-inherit elementor-invisible elementor-widget elementor-widget-text-editor\" data-id=\"8bb1d9c\" data-element_type=\"widget\" data-e-type=\"widget\" data-settings=\"{&quot;_animation&quot;:&quot;fadeInDown&quot;,&quot;_animation_mobile&quot;:&quot;none&quot;,&quot;_animation_delay&quot;:200}\" data-widget_type=\"text-editor.default\">\n\t\t\t\t<div class=\"elementor-widget-container\">\n\t\t\t\t\t\t\t\t\t<span style=\"font-weight: 200;\">Situ\u00e9e \u00e0 Salmon Arm, en Colombie-Britannique, Produits forestiers Canoe est fi\u00e8re de fabriquer des produits de contreplaqu\u00e9 et de placage canadiens de premi\u00e8re qualit\u00e9 sous la marque de confiance CANOE\u00ae. Depuis 1965, nous avons b\u00e2ti notre r\u00e9putation sur une qualit\u00e9 sans compromis, des pratiques durables et une culture de travail fond\u00e9e sur le respect et la s\u00e9curit\u00e9. <\/span>\t\t\t\t\t\t\t\t<\/div>\n\t\t\t\t<\/div>\n\t\t\t\t<\/div>\n\t\t<div class=\"elementor-element elementor-element-6a2b01b e-con-full gormanstg-section-team e-flex e-con e-parent\" data-id=\"6a2b01b\" data-element_type=\"container\" data-e-type=\"container\" id=\"about-scroll\" data-settings=\"{&quot;background_background&quot;:&quot;classic&quot;}\">\n\t\t<div class=\"elementor-element elementor-element-8b1f66e e-con-full e-flex e-con e-child\" data-id=\"8b1f66e\" data-element_type=\"container\" data-e-type=\"container\">\n\t\t<div class=\"elementor-element elementor-element-e3f3ec0 e-con-full e-flex e-con e-child\" data-id=\"e3f3ec0\" data-element_type=\"container\" data-e-type=\"container\" data-settings=\"{&quot;background_background&quot;:&quot;classic&quot;}\">\n\t\t\t\t<div class=\"elementor-element elementor-element-77ca043 elementor-widget__width-initial elementor-widget elementor-widget-heading\" data-id=\"77ca043\" data-element_type=\"widget\" data-e-type=\"widget\" data-settings=\"{&quot;_animation_mobile&quot;:&quot;none&quot;}\" data-widget_type=\"heading.default\">\n\t\t\t\t<div class=\"elementor-widget-container\">\n\t\t\t\t\t<h2 class=\"elementor-heading-title elementor-size-default\"><span>Notre h\u00e9ritage<\/span><\/h2>\t\t\t\t<\/div>\n\t\t\t\t<\/div>\n\t\t\t\t<div class=\"elementor-element elementor-element-2d2c6d7 elementor-widget__width-initial animated-fast elementor-invisible elementor-widget elementor-widget-text-editor\" data-id=\"2d2c6d7\" data-element_type=\"widget\" data-e-type=\"widget\" data-settings=\"{&quot;_animation&quot;:&quot;zoomIn&quot;,&quot;_animation_delay&quot;:150}\" data-widget_type=\"text-editor.default\">\n\t\t\t\t<div class=\"elementor-widget-container\">\n\t\t\t\t\t\t\t\t\t<span style=\"font-weight: 200;\">Depuis plus d&rsquo;un demi-si\u00e8cle, la marque Canoe\u00ae est reconnue dans le monde entier comme un symbole d&rsquo;excellence dans la fabrication de contreplaqu\u00e9. En 2012, Canoe est devenue une filiale du Gorman Group of Companies, renfor\u00e7ant ainsi notre tradition de valeurs familiales, d&rsquo;engagement communautaire et de savoir-faire de pointe. Notre slogan de longue date, Excellence garantie, refl\u00e8te la fiert\u00e9 que nous \u00e9prouvons tant pour nos produits que pour les personnes qui les fabriquent.<br>  <\/span>\t\t\t\t\t\t\t\t<\/div>\n\t\t\t\t<\/div>\n\t\t\t\t<\/div>\n\t\t<div class=\"elementor-element elementor-element-fe4cb14 e-con-full e-flex e-con e-child\" data-id=\"fe4cb14\" data-element_type=\"container\" data-e-type=\"container\">\n\t\t\t\t<div class=\"elementor-element elementor-element-9196348 elementor-pagination-position-inside elementor-pagination-type-bullets elementor-widget elementor-widget-n-carousel\" data-id=\"9196348\" data-element_type=\"widget\" data-e-type=\"widget\" data-settings=\"{&quot;carousel_items&quot;:[{&quot;slide_title&quot;:&quot;Slide #1&quot;,&quot;_id&quot;:&quot;0280aa7&quot;}],&quot;slides_to_show&quot;:&quot;1&quot;,&quot;slides_to_show_tablet&quot;:&quot;1&quot;,&quot;slides_to_show_mobile&quot;:&quot;1&quot;,&quot;autoplay&quot;:&quot;yes&quot;,&quot;autoplay_speed&quot;:5000,&quot;pause_on_hover&quot;:&quot;yes&quot;,&quot;pause_on_interaction&quot;:&quot;yes&quot;,&quot;infinite&quot;:&quot;yes&quot;,&quot;speed&quot;:500,&quot;offset_sides&quot;:&quot;none&quot;,&quot;pagination&quot;:&quot;bullets&quot;,&quot;image_spacing_custom&quot;:{&quot;unit&quot;:&quot;px&quot;,&quot;size&quot;:10,&quot;sizes&quot;:[]},&quot;image_spacing_custom_tablet&quot;:{&quot;unit&quot;:&quot;px&quot;,&quot;size&quot;:&quot;&quot;,&quot;sizes&quot;:[]},&quot;image_spacing_custom_mobile&quot;:{&quot;unit&quot;:&quot;px&quot;,&quot;size&quot;:&quot;&quot;,&quot;sizes&quot;:[]}}\" data-widget_type=\"nested-carousel.default\">\n\t\t\t\t<div class=\"elementor-widget-container\">\n\t\t\t\t\t\t\t<div class=\"e-n-carousel swiper\" role=\"region\" aria-roledescription=\"carousel\" aria-label=\"Carousel\" dir=\"ltr\">\n\t\t\t<div class=\"swiper-wrapper\" aria-live=\"off\">\n\t\t\t\t\t\t\t\t\t\t<div class=\"swiper-slide\" data-slide=\"1\" role=\"group\" aria-roledescription=\"slide\" aria-label=\"1 sur 1\">\n\t\t\t\t\t\t\t<div class=\"elementor-element elementor-element-b3cac1b e-flex e-con-boxed e-con e-child\" data-id=\"b3cac1b\" data-element_type=\"container\" data-e-type=\"container\">\n\t\t\t\t\t<div class=\"e-con-inner\">\n\t\t\t\t<div class=\"elementor-element elementor-element-89ae015 elementor-widget elementor-widget-video\" data-id=\"89ae015\" data-element_type=\"widget\" data-e-type=\"widget\" data-settings=\"{&quot;youtube_url&quot;:&quot;https:\\\/\\\/youtu.be\\\/QOzKKvWWAC8?si=RZywI-7HnUYubc9I&quot;,&quot;show_image_overlay&quot;:&quot;yes&quot;,&quot;image_overlay&quot;:{&quot;url&quot;:&quot;https:\\\/\\\/similkameenfp.com\\\/wp-content\\\/uploads\\\/2025\\\/10\\\/Screenshot-2025-10-14-at-12.59.38-PM.png&quot;,&quot;id&quot;:7131,&quot;size&quot;:&quot;&quot;,&quot;alt&quot;:&quot;&quot;,&quot;source&quot;:&quot;library&quot;},&quot;lightbox&quot;:&quot;yes&quot;,&quot;lightbox_content_animation&quot;:&quot;zoomIn&quot;,&quot;video_type&quot;:&quot;youtube&quot;,&quot;controls&quot;:&quot;yes&quot;}\" data-widget_type=\"video.default\">\n\t\t\t\t<div class=\"elementor-widget-container\">\n\t\t\t\t\t\t\t<div class=\"elementor-wrapper elementor-open-lightbox\">\n\t\t\t\t\t\t\t<div class=\"elementor-custom-embed-image-overlay\" data-elementor-open-lightbox=\"yes\" data-elementor-lightbox=\"{&quot;type&quot;:&quot;video&quot;,&quot;videoType&quot;:&quot;youtube&quot;,&quot;url&quot;:&quot;https:\\\/\\\/www.youtube.com\\\/embed\\\/QOzKKvWWAC8?feature=oembed&amp;start&amp;end&amp;wmode=opaque&amp;loop=0&amp;controls=1&amp;mute=0&amp;rel=0&amp;cc_load_policy=0&quot;,&quot;autoplay&quot;:&quot;&quot;,&quot;modalOptions&quot;:{&quot;id&quot;:&quot;elementor-lightbox-89ae015&quot;,&quot;entranceAnimation&quot;:&quot;zoomIn&quot;,&quot;entranceAnimation_tablet&quot;:&quot;&quot;,&quot;entranceAnimation_mobile&quot;:&quot;&quot;,&quot;videoAspectRatio&quot;:&quot;169&quot;}}\" data-e-action-hash=\"#elementor-action%3Aaction%3Dlightbox%26settings%3DeyJ0eXBlIjoidmlkZW8iLCJ2aWRlb1R5cGUiOiJ5b3V0dWJlIiwidXJsIjoiaHR0cHM6XC9cL3d3dy55b3V0dWJlLmNvbVwvZW1iZWRcL1FPektLdldXQUM4P2ZlYXR1cmU9b2VtYmVkJnN0YXJ0JmVuZCZ3bW9kZT1vcGFxdWUmbG9vcD0wJmNvbnRyb2xzPTEmbXV0ZT0wJnJlbD0wJmNjX2xvYWRfcG9saWN5PTAiLCJhdXRvcGxheSI6IiIsIm1vZGFsT3B0aW9ucyI6eyJpZCI6ImVsZW1lbnRvci1saWdodGJveC04OWFlMDE1IiwiZW50cmFuY2VBbmltYXRpb24iOiJ6b29tSW4iLCJlbnRyYW5jZUFuaW1hdGlvbl90YWJsZXQiOiIiLCJlbnRyYW5jZUFuaW1hdGlvbl9tb2JpbGUiOiIiLCJ2aWRlb0FzcGVjdFJhdGlvIjoiMTY5In19\">\n\t\t\t\t\t\t\t\t\t\t\t<img fetchpriority=\"high\" decoding=\"async\" width=\"1936\" height=\"1050\" src=\"https:\/\/similkameenfp.com\/wp-content\/uploads\/2025\/10\/Screenshot-2025-10-14-at-12.59.38-PM.png\" class=\"attachment-full size-full wp-image-7131\" alt=\"\" srcset=\"https:\/\/similkameenfp.com\/wp-content\/uploads\/2025\/10\/Screenshot-2025-10-14-at-12.59.38-PM.png 1936w, https:\/\/similkameenfp.com\/wp-content\/uploads\/2025\/10\/Screenshot-2025-10-14-at-12.59.38-PM-300x163.png 300w, https:\/\/similkameenfp.com\/wp-content\/uploads\/2025\/10\/Screenshot-2025-10-14-at-12.59.38-PM-1024x555.png 1024w, https:\/\/similkameenfp.com\/wp-content\/uploads\/2025\/10\/Screenshot-2025-10-14-at-12.59.38-PM-768x417.png 768w, https:\/\/similkameenfp.com\/wp-content\/uploads\/2025\/10\/Screenshot-2025-10-14-at-12.59.38-PM-1536x833.png 1536w, https:\/\/similkameenfp.com\/wp-content\/uploads\/2025\/10\/Screenshot-2025-10-14-at-12.59.38-PM-1200x651.png 1200w, https:\/\/similkameenfp.com\/wp-content\/uploads\/2025\/10\/Screenshot-2025-10-14-at-12.59.38-PM-1400x759.png 1400w\" sizes=\"(max-width: 1936px) 100vw, 1936px\" \/>\t\t\t\t\t\t\t\t\t\t\t\t\t\t\t\t<div class=\"elementor-custom-embed-play\" role=\"button\" aria-label=\"Lire la vid\u00e9o\" tabindex=\"0\">\n\t\t\t\t\t\t\t<svg xmlns=\"http:\/\/www.w3.org\/2000\/svg\" xmlns:xlink=\"http:\/\/www.w3.org\/1999\/xlink\" id=\"Layer_1\" x=\"0px\" y=\"0px\" width=\"100%\" viewBox=\"0 0 346 345\" xml:space=\"preserve\"><path stroke=\"none\" d=\"M147.000000,1.000000  C164.687561,1.000000 182.375122,1.000000 200.271210,1.363318  C201.152985,2.140278 201.776505,2.759004 202.507111,2.936210  C210.867874,4.964064 219.371964,6.503653 227.593338,8.983853  C250.387466,15.860323 270.694336,27.523695 288.499634,43.178795  C305.165344,57.831947 318.962280,75.006042 328.926727,94.948250  C336.892212,110.889854 342.742645,127.592468 345.096008,145.385468  C345.176849,145.996887 346.340851,146.465057 347.000000,147.000000  C347.000000,164.354233 347.000000,181.708450 346.586273,199.552734  C345.354309,203.563171 344.546844,207.086121 343.716095,210.603577  C337.204895,238.172775 325.459106,263.024658 306.935944,284.761108  C291.456726,302.925659 273.370850,317.627228 252.141098,328.219482  C236.533966,336.006409 220.129944,341.920380 202.616028,344.096497  C202.007904,344.172058 201.535614,345.340790 201.000000,346.000000  C183.312439,346.000000 165.624878,346.000000 147.447266,345.586273  C146.676025,344.822815 146.425858,344.198456 146.109161,344.162659  C127.753746,342.087585 110.668602,335.700989 94.385124,327.545715  C72.093796,316.381500 53.195858,300.536438 37.736897,281.037689  C20.517485,259.318481 8.830018,234.824142 3.891335,207.322189  C3.436623,204.790039 1.987420,202.436478 1.000002,200.000000  C1.000000,182.645767 1.000000,165.291550 1.413731,147.447266  C2.264977,145.185242 2.734417,143.420425 3.135085,141.640137  C7.296432,123.149994 13.158325,105.377426 22.550583,88.710411  C36.237114,64.422997 54.718159,44.587238 77.699493,29.301136  C98.180168,15.678352 120.710037,6.308279 145.383286,2.905243  C145.998093,2.820446 146.464417,1.659201 147.000000,1.000000 M186.651825,118.932640  C148.549835,96.876587 104.048820,74.060295 100.305931,74.625168  C100.305931,140.995926 100.305931,207.357880 100.305931,274.467560  C105.988930,271.434601 111.138321,268.712616 116.263580,265.945984  C129.763138,258.658783 143.225677,251.302673 156.750885,244.063492  C186.096390,228.356750 215.471466,212.705261 244.835037,197.032318  C258.072601,189.966705 271.291473,182.865616 284.563751,175.865799  C288.015961,174.045105 287.557526,172.727921 284.474060,171.072601  C273.555237,165.210983 262.710663,159.210922 251.782547,153.366867  C230.338745,141.899292 208.857742,130.501297 186.651825,118.932640 z\"><\/path><\/svg>\t\t\t\t\t\t<\/div>\n\t\t\t\t\t\t\t\t\t<\/div>\n\t\t\t\t\t<\/div>\n\t\t\t\t\t\t<\/div>\n\t\t\t\t<\/div>\n\t\t\t\t\t<\/div>\n\t\t\t\t<\/div>\n\t\t\t\t\t\t\t\t<\/div>\n\t\t\t\t\t\t\t\t<\/div>\n\t\t<\/div>\n\t\t\t\t\t\t<\/div>\n\t\t\t\t<\/div>\n\t\t\t\t<\/div>\n\t\t\t\t<\/div>\n\t\t\t\t<\/div>\n\t\t<div class=\"elementor-element elementor-element-17147fd e-con-full e-flex e-con e-parent\" data-id=\"17147fd\" data-element_type=\"container\" data-e-type=\"container\">\n\t\t<div class=\"elementor-element elementor-element-759705d e-con-full e-flex e-con e-child\" data-id=\"759705d\" data-element_type=\"container\" data-e-type=\"container\">\n\t\t\t\t<div class=\"elementor-element elementor-element-777c596 elementor-widget elementor-widget-image\" data-id=\"777c596\" data-element_type=\"widget\" data-e-type=\"widget\" data-widget_type=\"image.default\">\n\t\t\t\t<div class=\"elementor-widget-container\">\n\t\t\t\t\t\t\t\t\t\t\t\t\t\t\t<img decoding=\"async\" width=\"1024\" height=\"560\" src=\"https:\/\/similkameenfp.com\/wp-content\/uploads\/2025\/11\/Screenshot-2025-11-19-at-4.19.47-PM-1024x560.png\" class=\"attachment-large size-large wp-image-7288\" alt=\"\" srcset=\"https:\/\/similkameenfp.com\/wp-content\/uploads\/2025\/11\/Screenshot-2025-11-19-at-4.19.47-PM-1024x560.png 1024w, https:\/\/similkameenfp.com\/wp-content\/uploads\/2025\/11\/Screenshot-2025-11-19-at-4.19.47-PM-300x164.png 300w, https:\/\/similkameenfp.com\/wp-content\/uploads\/2025\/11\/Screenshot-2025-11-19-at-4.19.47-PM-768x420.png 768w, https:\/\/similkameenfp.com\/wp-content\/uploads\/2025\/11\/Screenshot-2025-11-19-at-4.19.47-PM-1536x840.png 1536w, https:\/\/similkameenfp.com\/wp-content\/uploads\/2025\/11\/Screenshot-2025-11-19-at-4.19.47-PM-1200x656.png 1200w, https:\/\/similkameenfp.com\/wp-content\/uploads\/2025\/11\/Screenshot-2025-11-19-at-4.19.47-PM-1400x766.png 1400w, https:\/\/similkameenfp.com\/wp-content\/uploads\/2025\/11\/Screenshot-2025-11-19-at-4.19.47-PM.png 1964w\" sizes=\"(max-width: 1024px) 100vw, 1024px\" \/>\t\t\t\t\t\t\t\t\t\t\t\t\t\t\t<\/div>\n\t\t\t\t<\/div>\n\t\t\t\t<\/div>\n\t\t<div class=\"elementor-element elementor-element-e6431d6 e-con-full e-flex e-con e-child\" data-id=\"e6431d6\" data-element_type=\"container\" data-e-type=\"container\">\n\t\t\t\t<div class=\"elementor-element elementor-element-2a26423 animated-slow elementor-widget__width-initial elementor-widget elementor-widget-heading\" data-id=\"2a26423\" data-element_type=\"widget\" data-e-type=\"widget\" data-settings=\"{&quot;_animation&quot;:&quot;none&quot;,&quot;_animation_mobile&quot;:&quot;none&quot;}\" data-widget_type=\"heading.default\">\n\t\t\t\t<div class=\"elementor-widget-container\">\n\t\t\t\t\t<h2 class=\"elementor-heading-title elementor-size-default\">Innovation et croissance<\/h2>\t\t\t\t<\/div>\n\t\t\t\t<\/div>\n\t\t\t\t<div class=\"elementor-element elementor-element-adf684b elementor-widget__width-initial animated-fast elementor-invisible elementor-widget elementor-widget-text-editor\" data-id=\"adf684b\" data-element_type=\"widget\" data-e-type=\"widget\" data-settings=\"{&quot;_animation&quot;:&quot;zoomIn&quot;,&quot;_animation_delay&quot;:150}\" data-widget_type=\"text-editor.default\">\n\t\t\t\t<div class=\"elementor-widget-container\">\n\t\t\t\t\t\t\t\t\t<p><span style=\"font-weight: 400;\">Avec une capacit\u00e9 de production annuelle d&rsquo;environ 145 millions de pieds carr\u00e9s de contreplaqu\u00e9, Canoe est l&rsquo;une des installations de contreplaqu\u00e9 les plus avanc\u00e9es de l&rsquo;Ouest canadien. De l&rsquo;\u00e9pluchage de placage de pr\u00e9cision \u00e0 la technologie de num\u00e9risation sp\u00e9cialis\u00e9e, nous investissons continuellement dans l&rsquo;innovation afin de maximiser la r\u00e9cup\u00e9ration, d&rsquo;am\u00e9liorer l&rsquo;efficacit\u00e9 et de livrer des produits d&rsquo;une qualit\u00e9 sup\u00e9rieure de mani\u00e8re constante. Nos op\u00e9rations reposent sur une r\u00e9colte de bois durable  <\/span><\/p>\t\t\t\t\t\t\t\t<\/div>\n\t\t\t\t<\/div>\n\t\t\t\t<div class=\"elementor-element elementor-element-ce047fb elementor-invisible elementor-widget elementor-widget-button\" data-id=\"ce047fb\" data-element_type=\"widget\" data-e-type=\"widget\" data-settings=\"{&quot;_animation&quot;:&quot;fadeInDown&quot;,&quot;_animation_mobile&quot;:&quot;none&quot;}\" data-widget_type=\"button.default\">\n\t\t\t\t<div class=\"elementor-widget-container\">\n\t\t\t\t\t\t\t\t\t<div class=\"elementor-button-wrapper\">\n\t\t\t\t\t<a class=\"elementor-button elementor-button-link elementor-size-sm\" href=\"https:\/\/similkameenfp.com\/fr\/contreplaque-canoe\/innovation\/\">\n\t\t\t\t\t\t<span class=\"elementor-button-content-wrapper\">\n\t\t\t\t\t\t\t\t\t<span class=\"elementor-button-text\">EN SAVOIR PLUS<\/span>\n\t\t\t\t\t<\/span>\n\t\t\t\t\t<\/a>\n\t\t\t\t<\/div>\n\t\t\t\t\t\t\t\t<\/div>\n\t\t\t\t<\/div>\n\t\t\t\t<\/div>\n\t\t\t\t<\/div>\n\t\t<div class=\"elementor-element elementor-element-45e8fcf e-con-full e-flex e-con e-parent\" data-id=\"45e8fcf\" data-element_type=\"container\" data-e-type=\"container\">\n\t\t<div class=\"elementor-element elementor-element-bef0d65 e-con-full e-flex e-con e-child\" data-id=\"bef0d65\" data-element_type=\"container\" data-e-type=\"container\" data-settings=\"{&quot;background_background&quot;:&quot;classic&quot;}\">\n\t\t\t\t<div class=\"elementor-element elementor-element-7ddd834 animated-slow elementor-widget__width-initial elementor-widget elementor-widget-heading\" data-id=\"7ddd834\" data-element_type=\"widget\" data-e-type=\"widget\" data-settings=\"{&quot;_animation&quot;:&quot;none&quot;,&quot;_animation_mobile&quot;:&quot;none&quot;}\" data-widget_type=\"heading.default\">\n\t\t\t\t<div class=\"elementor-widget-container\">\n\t\t\t\t\t<h2 class=\"elementor-heading-title elementor-size-default\">Culture et communaut\u00e9<\/h2>\t\t\t\t<\/div>\n\t\t\t\t<\/div>\n\t\t\t\t<div class=\"elementor-element elementor-element-481f831 elementor-widget__width-initial animated-fast elementor-invisible elementor-widget elementor-widget-text-editor\" data-id=\"481f831\" data-element_type=\"widget\" data-e-type=\"widget\" data-settings=\"{&quot;_animation&quot;:&quot;zoomIn&quot;,&quot;_animation_delay&quot;:150}\" data-widget_type=\"text-editor.default\">\n\t\t\t\t<div class=\"elementor-widget-container\">\n\t\t\t\t\t\t\t\t\t<p><span style=\"font-weight: 400;\">Chez Canoe, nos employ\u00e9s sont au c\u0153ur de tout ce que nous faisons. Nous favorisons un environnement de travail bas\u00e9 sur la s\u00e9curit\u00e9, le respect et la collaboration, o\u00f9 chaque employ\u00e9 est fier de contribuer \u00e0 la fabrication des meilleurs contreplaqu\u00e9s et placages du Canada. Tout aussi important est notre engagement envers les communaut\u00e9s qui nous entourent et envers l&rsquo;environnement que nous partageons, des valeurs soutenues par notre certification Sustainable Forestry Initiative\u00ae et notre soutien continu \u00e0 la communaut\u00e9.<br>  <\/span><\/p>\t\t\t\t\t\t\t\t<\/div>\n\t\t\t\t<\/div>\n\t\t\t\t<div class=\"elementor-element elementor-element-01ed666 elementor-align-left elementor-widget__width-initial elementor-invisible elementor-widget elementor-widget-button\" data-id=\"01ed666\" data-element_type=\"widget\" data-e-type=\"widget\" data-settings=\"{&quot;_animation&quot;:&quot;slideInUp&quot;,&quot;_animation_mobile&quot;:&quot;none&quot;}\" data-widget_type=\"button.default\">\n\t\t\t\t<div class=\"elementor-widget-container\">\n\t\t\t\t\t\t\t\t\t<div class=\"elementor-button-wrapper\">\n\t\t\t\t\t<a class=\"elementor-button elementor-button-link elementor-size-sm\" href=\"https:\/\/similkameenfp.com\/fr\/responsabilite-canoe\/\">\n\t\t\t\t\t\t<span class=\"elementor-button-content-wrapper\">\n\t\t\t\t\t\t\t\t\t<span class=\"elementor-button-text\">EN SAVOIR PLUS<\/span>\n\t\t\t\t\t<\/span>\n\t\t\t\t\t<\/a>\n\t\t\t\t<\/div>\n\t\t\t\t\t\t\t\t<\/div>\n\t\t\t\t<\/div>\n\t\t\t\t<\/div>\n\t\t<div class=\"elementor-element elementor-element-f3bac77 e-con-full e-flex e-con e-child\" data-id=\"f3bac77\" data-element_type=\"container\" data-e-type=\"container\">\n\t\t\t\t<div class=\"elementor-element elementor-element-64c969a elementor-widget elementor-widget-image\" data-id=\"64c969a\" data-element_type=\"widget\" data-e-type=\"widget\" data-widget_type=\"image.default\">\n\t\t\t\t<div class=\"elementor-widget-container\">\n\t\t\t\t\t\t\t\t\t\t\t\t\t\t\t<img decoding=\"async\" width=\"1024\" height=\"550\" src=\"https:\/\/similkameenfp.com\/wp-content\/uploads\/2025\/10\/Screenshot-2025-10-14-at-1.03.04-PM-1024x550.png\" class=\"attachment-large size-large wp-image-7140\" alt=\"\" srcset=\"https:\/\/similkameenfp.com\/wp-content\/uploads\/2025\/10\/Screenshot-2025-10-14-at-1.03.04-PM-1024x550.png 1024w, https:\/\/similkameenfp.com\/wp-content\/uploads\/2025\/10\/Screenshot-2025-10-14-at-1.03.04-PM-300x161.png 300w, https:\/\/similkameenfp.com\/wp-content\/uploads\/2025\/10\/Screenshot-2025-10-14-at-1.03.04-PM-768x412.png 768w, https:\/\/similkameenfp.com\/wp-content\/uploads\/2025\/10\/Screenshot-2025-10-14-at-1.03.04-PM-1536x825.png 1536w, https:\/\/similkameenfp.com\/wp-content\/uploads\/2025\/10\/Screenshot-2025-10-14-at-1.03.04-PM-1200x644.png 1200w, https:\/\/similkameenfp.com\/wp-content\/uploads\/2025\/10\/Screenshot-2025-10-14-at-1.03.04-PM-1400x752.png 1400w, https:\/\/similkameenfp.com\/wp-content\/uploads\/2025\/10\/Screenshot-2025-10-14-at-1.03.04-PM.png 1684w\" sizes=\"(max-width: 1024px) 100vw, 1024px\" \/>\t\t\t\t\t\t\t\t\t\t\t\t\t\t\t<\/div>\n\t\t\t\t<\/div>\n\t\t\t\t<\/div>\n\t\t\t\t<\/div>\n\t\t<div class=\"elementor-element elementor-element-2fc6c46 e-flex e-con-boxed e-con e-parent\" data-id=\"2fc6c46\" data-element_type=\"container\" data-e-type=\"container\" data-settings=\"{&quot;background_background&quot;:&quot;classic&quot;}\">\n\t\t\t\t\t<div class=\"e-con-inner\">\n\t\t\t\t<div class=\"elementor-element elementor-element-735d7eb animated-slow elementor-widget__width-initial elementor-widget elementor-widget-heading\" data-id=\"735d7eb\" data-element_type=\"widget\" data-e-type=\"widget\" data-settings=\"{&quot;_animation&quot;:&quot;none&quot;,&quot;_animation_mobile&quot;:&quot;none&quot;}\" data-widget_type=\"heading.default\">\n\t\t\t\t<div class=\"elementor-widget-container\">\n\t\t\t\t\t<h2 class=\"elementor-heading-title elementor-size-default\">Inscrivez-vous \u00e0 l\u2019infolettre.\n<\/h2>\t\t\t\t<\/div>\n\t\t\t\t<\/div>\n\t\t\t\t<div class=\"elementor-element elementor-element-bf578c3 elementor-widget__width-initial animated-fast elementor-invisible elementor-widget elementor-widget-text-editor\" data-id=\"bf578c3\" data-element_type=\"widget\" data-e-type=\"widget\" data-settings=\"{&quot;_animation&quot;:&quot;zoomIn&quot;,&quot;_animation_delay&quot;:150}\" data-widget_type=\"text-editor.default\">\n\t\t\t\t<div class=\"elementor-widget-container\">\n\t\t\t\t\t\t\t\t\t<p><span style=\"font-weight: 300;\">Envie de rester inform\u00e9? Inscrivez-vous \u00e0 notre infolettre et recevez directement dans votre bo\u00eete de r\u00e9ception des nouvelles passionnantes sur nos derniers produits, nos initiatives communautaires, ainsi que des mises \u00e0 jour sur notre entreprise. Ne manquez pas l&rsquo;occasion de faire partie de notre communaut\u00e9 dynamique. Rejoignez-nous d\u00e8s aujourd&rsquo;hui!<\/span><\/p>\t\t\t\t\t\t\t\t<\/div>\n\t\t\t\t<\/div>\n\t\t\t\t<div class=\"elementor-element elementor-element-ccd7ca8 elementor-align-left elementor-widget__width-initial elementor-invisible elementor-widget elementor-widget-button\" data-id=\"ccd7ca8\" data-element_type=\"widget\" data-e-type=\"widget\" data-settings=\"{&quot;_animation&quot;:&quot;slideInUp&quot;,&quot;_animation_mobile&quot;:&quot;none&quot;}\" data-widget_type=\"button.default\">\n\t\t\t\t<div class=\"elementor-widget-container\">\n\t\t\t\t\t\t\t\t\t<div class=\"elementor-button-wrapper\">\n\t\t\t\t\t<a class=\"elementor-button elementor-button-link elementor-size-sm\" href=\"#elementor-action%3Aaction%3Dpopup%3Aopen%26settings%3DeyJpZCI6Njk5MywidG9nZ2xlIjpmYWxzZX0%3D\">\n\t\t\t\t\t\t<span class=\"elementor-button-content-wrapper\">\n\t\t\t\t\t\t\t\t\t<span class=\"elementor-button-text\">S'inscrire<\/span>\n\t\t\t\t\t<\/span>\n\t\t\t\t\t<\/a>\n\t\t\t\t<\/div>\n\t\t\t\t\t\t\t\t<\/div>\n\t\t\t\t<\/div>\n\t\t\t\t\t<\/div>\n\t\t\t\t<\/div>\n\t\t\t\t<\/div>\n\t\t","protected":false},"excerpt":{"rendered":"<p>A propos de nous Situ\u00e9e \u00e0 Salmon Arm, en Colombie-Britannique, Produits forestiers Canoe est fi\u00e8re de fabriquer des produits de contreplaqu\u00e9 et de placage canadiens de premi\u00e8re qualit\u00e9 sous la marque de confiance CANOE\u00ae. Depuis 1965, nous avons b\u00e2ti notre r\u00e9putation sur une qualit\u00e9 sans compromis, des pratiques durables et une culture de travail fond\u00e9e &hellip;<\/p>\n","protected":false},"author":1,"featured_media":0,"parent":0,"menu_order":0,"comment_status":"closed","ping_status":"closed","template":"elementor_header_footer","meta":{"_acf_changed":false,"_genesis_block_theme_hide_title":false,"footnotes":""},"class_list":["post-6233","page","type-page","status-publish","hentry","post","without-featured-image"],"acf":[],"featured_image_src":null,"featured_image_src_square":null,"_links":{"self":[{"href":"https:\/\/similkameenfp.com\/fr\/wp-json\/wp\/v2\/pages\/6233","targetHints":{"allow":["GET"]}}],"collection":[{"href":"https:\/\/similkameenfp.com\/fr\/wp-json\/wp\/v2\/pages"}],"about":[{"href":"https:\/\/similkameenfp.com\/fr\/wp-json\/wp\/v2\/types\/page"}],"author":[{"embeddable":true,"href":"https:\/\/similkameenfp.com\/fr\/wp-json\/wp\/v2\/users\/1"}],"replies":[{"embeddable":true,"href":"https:\/\/similkameenfp.com\/fr\/wp-json\/wp\/v2\/comments?post=6233"}],"version-history":[{"count":0,"href":"https:\/\/similkameenfp.com\/fr\/wp-json\/wp\/v2\/pages\/6233\/revisions"}],"wp:attachment":[{"href":"https:\/\/similkameenfp.com\/fr\/wp-json\/wp\/v2\/media?parent=6233"}],"curies":[{"name":"wp","href":"https:\/\/api.w.org\/{rel}","templated":true}]}}