{"id":7402,"date":"2025-09-22T20:48:26","date_gmt":"2025-09-22T20:48:26","guid":{"rendered":"https:\/\/canoefp.wpenginepowered.com\/?page_id=7402"},"modified":"2025-12-11T18:16:18","modified_gmt":"2025-12-11T18:16:18","slug":"contreplaque-canoe","status":"publish","type":"page","link":"https:\/\/similkameenfp.com\/fr\/contreplaque-canoe\/","title":{"rendered":"Contreplaqu\u00e9 Canoe"},"content":{"rendered":"\t\t<div data-elementor-type=\"wp-page\" data-elementor-id=\"7402\" class=\"elementor elementor-7402 elementor-7119\" data-elementor-post-type=\"page\">\n\t\t\t\t<div class=\"elementor-element elementor-element-333e01f e-flex e-con-boxed e-con e-parent\" data-id=\"333e01f\" data-element_type=\"container\" data-e-type=\"container\" data-settings=\"{&quot;background_background&quot;:&quot;classic&quot;}\">\n\t\t\t\t\t<div class=\"e-con-inner\">\n\t\t\t\t<div class=\"elementor-element elementor-element-1ce9379 elementor-invisible elementor-widget elementor-widget-heading\" data-id=\"1ce9379\" data-element_type=\"widget\" data-e-type=\"widget\" data-settings=\"{&quot;_animation&quot;:&quot;fadeInDown&quot;,&quot;_animation_mobile&quot;:&quot;none&quot;,&quot;_animation_delay&quot;:400}\" data-widget_type=\"heading.default\">\n\t\t\t\t<div class=\"elementor-widget-container\">\n\t\t\t\t\t<h1 class=\"elementor-heading-title elementor-size-default\">Contreplaqu\u00e9 Canoe<\/h1>\t\t\t\t<\/div>\n\t\t\t\t<\/div>\n\t\t\t\t<div class=\"elementor-element elementor-element-186aec7 elementor-widget__width-initial elementor-widget-tablet__width-inherit elementor-widget-mobile__width-inherit elementor-invisible elementor-widget elementor-widget-text-editor\" data-id=\"186aec7\" data-element_type=\"widget\" data-e-type=\"widget\" data-settings=\"{&quot;_animation&quot;:&quot;fadeInDown&quot;,&quot;_animation_mobile&quot;:&quot;none&quot;,&quot;_animation_delay&quot;:200}\" data-widget_type=\"text-editor.default\">\n\t\t\t\t<div class=\"elementor-widget-container\">\n\t\t\t\t\t\t\t\t\t<span style=\"font-weight: 200;\">Une qualit\u00e9, une fiabilit\u00e9 et une performance in\u00e9gal\u00e9es. Lorsque vous choisissez la marque Canoe, vous optez pour la marque Excellence garantie.<\/span>\t\t\t\t\t\t\t\t<\/div>\n\t\t\t\t<\/div>\n\t\t\t\t\t<\/div>\n\t\t\t\t<\/div>\n\t\t<div class=\"elementor-element elementor-element-af24723 e-con-full gormanstg-section-team e-flex e-con e-parent\" data-id=\"af24723\" data-element_type=\"container\" data-e-type=\"container\" data-settings=\"{&quot;background_background&quot;:&quot;classic&quot;}\">\n\t\t<div class=\"elementor-element elementor-element-b07aca4 e-con-full e-flex e-con e-child\" data-id=\"b07aca4\" data-element_type=\"container\" data-e-type=\"container\">\n\t\t<div class=\"elementor-element elementor-element-f42c1fd e-con-full e-flex e-con e-child\" data-id=\"f42c1fd\" data-element_type=\"container\" data-e-type=\"container\" data-settings=\"{&quot;background_background&quot;:&quot;classic&quot;}\">\n\t\t\t\t<div class=\"elementor-element elementor-element-edbb655 elementor-widget__width-initial elementor-widget elementor-widget-heading\" data-id=\"edbb655\" data-element_type=\"widget\" data-e-type=\"widget\" data-settings=\"{&quot;_animation_mobile&quot;:&quot;none&quot;}\" data-widget_type=\"heading.default\">\n\t\t\t\t<div class=\"elementor-widget-container\">\n\t\t\t\t\t<h2 class=\"elementor-heading-title elementor-size-default\">\nNotre fiert\u00e9 se refl\u00e8te <br \/>\n<span>dans nos produits.<\/span>\n<\/h2>\t\t\t\t<\/div>\n\t\t\t\t<\/div>\n\t\t\t\t<div class=\"elementor-element elementor-element-b74abd5 elementor-widget__width-initial animated-fast elementor-widget elementor-widget-text-editor\" data-id=\"b74abd5\" data-element_type=\"widget\" data-e-type=\"widget\" data-settings=\"{&quot;_animation&quot;:&quot;none&quot;,&quot;_animation_delay&quot;:150}\" data-widget_type=\"text-editor.default\">\n\t\t\t\t<div class=\"elementor-widget-container\">\n\t\t\t\t\t\t\t\t\t<span style=\"font-weight: 200;\">Les produits de Produits forestiers Canoe sont fabriqu\u00e9s \u00e0 partir de fibres de haute qualit\u00e9, provenant de mani\u00e8re durable de l&rsquo;int\u00e9rieur de la Colombie-Britannique. Nous utilisons les technologies les plus avanc\u00e9es, op\u00e9r\u00e9es par des employ\u00e9s qualifi\u00e9s, et nos produits forestiers sont reconnus \u00e0 l&rsquo;\u00e9chelle mondiale pour leurs caract\u00e9ristiques exceptionnelles et leur qualit\u00e9 sup\u00e9rieure.<\/span>\t\t\t\t\t\t\t\t<\/div>\n\t\t\t\t<\/div>\n\t\t\t\t<div class=\"elementor-element elementor-element-71615c6 elementor-align-left elementor-widget__width-initial elementor-invisible elementor-widget elementor-widget-button\" data-id=\"71615c6\" data-element_type=\"widget\" data-e-type=\"widget\" data-settings=\"{&quot;_animation&quot;:&quot;slideInUp&quot;,&quot;_animation_mobile&quot;:&quot;none&quot;}\" data-widget_type=\"button.default\">\n\t\t\t\t<div class=\"elementor-widget-container\">\n\t\t\t\t\t\t\t\t\t<div class=\"elementor-button-wrapper\">\n\t\t\t\t\t<a class=\"elementor-button elementor-button-link elementor-size-sm\" href=\"https:\/\/similkameenfp.com\/wp-content\/uploads\/2025\/10\/Plywood_SDS_May_2016.pdf\">\n\t\t\t\t\t\t<span class=\"elementor-button-content-wrapper\">\n\t\t\t\t\t\t\t\t\t<span class=\"elementor-button-text\">Fiche de donn\u00e9es de s\u00e9curit\u00e9 du contreplaqu\u00e9 (EN)<\/span>\n\t\t\t\t\t<\/span>\n\t\t\t\t\t<\/a>\n\t\t\t\t<\/div>\n\t\t\t\t\t\t\t\t<\/div>\n\t\t\t\t<\/div>\n\t\t\t\t<\/div>\n\t\t<div class=\"elementor-element elementor-element-b49badd e-con-full e-flex e-con e-child\" data-id=\"b49badd\" data-element_type=\"container\" data-e-type=\"container\">\n\t\t\t\t<div class=\"elementor-element elementor-element-33b7266 elementor-widget elementor-widget-image\" data-id=\"33b7266\" data-element_type=\"widget\" data-e-type=\"widget\" data-widget_type=\"image.default\">\n\t\t\t\t<div class=\"elementor-widget-container\">\n\t\t\t\t\t\t\t\t\t\t\t\t\t\t\t<img fetchpriority=\"high\" decoding=\"async\" width=\"1024\" height=\"550\" src=\"https:\/\/similkameenfp.com\/wp-content\/uploads\/2025\/10\/Screenshot-2025-10-14-at-1.03.04-PM-1024x550.png\" class=\"attachment-large size-large wp-image-7140\" alt=\"\" srcset=\"https:\/\/similkameenfp.com\/wp-content\/uploads\/2025\/10\/Screenshot-2025-10-14-at-1.03.04-PM-1024x550.png 1024w, https:\/\/similkameenfp.com\/wp-content\/uploads\/2025\/10\/Screenshot-2025-10-14-at-1.03.04-PM-300x161.png 300w, https:\/\/similkameenfp.com\/wp-content\/uploads\/2025\/10\/Screenshot-2025-10-14-at-1.03.04-PM-768x412.png 768w, https:\/\/similkameenfp.com\/wp-content\/uploads\/2025\/10\/Screenshot-2025-10-14-at-1.03.04-PM-1536x825.png 1536w, https:\/\/similkameenfp.com\/wp-content\/uploads\/2025\/10\/Screenshot-2025-10-14-at-1.03.04-PM-1200x644.png 1200w, https:\/\/similkameenfp.com\/wp-content\/uploads\/2025\/10\/Screenshot-2025-10-14-at-1.03.04-PM-1400x752.png 1400w, https:\/\/similkameenfp.com\/wp-content\/uploads\/2025\/10\/Screenshot-2025-10-14-at-1.03.04-PM.png 1684w\" sizes=\"(max-width: 1024px) 100vw, 1024px\" \/>\t\t\t\t\t\t\t\t\t\t\t\t\t\t\t<\/div>\n\t\t\t\t<\/div>\n\t\t\t\t<\/div>\n\t\t\t\t<\/div>\n\t\t\t\t<\/div>\n\t\t<div class=\"elementor-element elementor-element-3a57125 e-con-full e-flex e-con e-parent\" data-id=\"3a57125\" data-element_type=\"container\" data-e-type=\"container\">\n\t\t<div class=\"elementor-element elementor-element-37192c1 e-con-full e-flex e-con e-child\" data-id=\"37192c1\" data-element_type=\"container\" data-e-type=\"container\">\n\t\t\t\t<div class=\"elementor-element elementor-element-912f4f3 elementor-widget elementor-widget-image\" data-id=\"912f4f3\" data-element_type=\"widget\" data-e-type=\"widget\" data-widget_type=\"image.default\">\n\t\t\t\t<div class=\"elementor-widget-container\">\n\t\t\t\t\t\t\t\t\t\t\t\t\t\t\t<img decoding=\"async\" width=\"1024\" height=\"572\" src=\"https:\/\/similkameenfp.com\/wp-content\/uploads\/2025\/10\/Screenshot-2025-10-14-at-1.04.06-PM-1024x572.png\" class=\"attachment-large size-large wp-image-7144\" alt=\"\" srcset=\"https:\/\/similkameenfp.com\/wp-content\/uploads\/2025\/10\/Screenshot-2025-10-14-at-1.04.06-PM-1024x572.png 1024w, https:\/\/similkameenfp.com\/wp-content\/uploads\/2025\/10\/Screenshot-2025-10-14-at-1.04.06-PM-300x168.png 300w, https:\/\/similkameenfp.com\/wp-content\/uploads\/2025\/10\/Screenshot-2025-10-14-at-1.04.06-PM-768x429.png 768w, https:\/\/similkameenfp.com\/wp-content\/uploads\/2025\/10\/Screenshot-2025-10-14-at-1.04.06-PM-1536x858.png 1536w, https:\/\/similkameenfp.com\/wp-content\/uploads\/2025\/10\/Screenshot-2025-10-14-at-1.04.06-PM-1200x670.png 1200w, https:\/\/similkameenfp.com\/wp-content\/uploads\/2025\/10\/Screenshot-2025-10-14-at-1.04.06-PM-1400x782.png 1400w, https:\/\/similkameenfp.com\/wp-content\/uploads\/2025\/10\/Screenshot-2025-10-14-at-1.04.06-PM.png 1952w\" sizes=\"(max-width: 1024px) 100vw, 1024px\" \/>\t\t\t\t\t\t\t\t\t\t\t\t\t\t\t<\/div>\n\t\t\t\t<\/div>\n\t\t\t\t<\/div>\n\t\t<div class=\"elementor-element elementor-element-701417a e-con-full e-flex e-con e-child\" data-id=\"701417a\" data-element_type=\"container\" data-e-type=\"container\">\n\t\t\t\t<div class=\"elementor-element elementor-element-0435bfc elementor-widget__width-initial elementor-widget elementor-widget-heading\" data-id=\"0435bfc\" data-element_type=\"widget\" data-e-type=\"widget\" data-settings=\"{&quot;_animation_mobile&quot;:&quot;none&quot;}\" data-widget_type=\"heading.default\">\n\t\t\t\t<div class=\"elementor-widget-container\">\n\t\t\t\t\t<h2 class=\"elementor-heading-title elementor-size-default\">Capacit\u00e9 \u00e0 r\u00e9pondre <br \/>\n<span>\u00e0 la demande.<\/span>\n<\/h2>\t\t\t\t<\/div>\n\t\t\t\t<\/div>\n\t\t\t\t<div class=\"elementor-element elementor-element-75bb480 elementor-widget__width-initial animated-fast elementor-invisible elementor-widget elementor-widget-text-editor\" data-id=\"75bb480\" data-element_type=\"widget\" data-e-type=\"widget\" data-settings=\"{&quot;_animation&quot;:&quot;zoomIn&quot;,&quot;_animation_delay&quot;:150}\" data-widget_type=\"text-editor.default\">\n\t\t\t\t<div class=\"elementor-widget-container\">\n\t\t\t\t\t\t\t\t\t<p><span style=\"font-weight: 400;\">Chez Produits forestiers Canoe, nous sommes fiers d&#8217;employer plus de 175 personnes qualifi\u00e9es, sept jours sur sept, pour produire chaque ann\u00e9e 145 millions de pieds carr\u00e9s de contreplaqu\u00e9 en sapin Douglas de haute qualit\u00e9. Cela suffit pour construire 22 000 maisons. De feuilles minces de 5\/16 po \u00e0 des panneaux \u00e9pais de 1-1\/8 po, notre gamme r\u00e9pond \u00e0 toutes les exigences de construction.<\/span><\/p>\t\t\t\t\t\t\t\t<\/div>\n\t\t\t\t<\/div>\n\t\t\t\t<\/div>\n\t\t\t\t<\/div>\n\t\t<div class=\"elementor-element elementor-element-4609f12 e-con-full gormanstg-section-team e-flex e-con e-parent\" data-id=\"4609f12\" data-element_type=\"container\" data-e-type=\"container\" data-settings=\"{&quot;background_background&quot;:&quot;classic&quot;}\">\n\t\t<div class=\"elementor-element elementor-element-80df745 e-con-full e-flex e-con e-child\" data-id=\"80df745\" data-element_type=\"container\" data-e-type=\"container\">\n\t\t<div class=\"elementor-element elementor-element-f079f26 e-con-full e-flex e-con e-child\" data-id=\"f079f26\" data-element_type=\"container\" data-e-type=\"container\" data-settings=\"{&quot;background_background&quot;:&quot;classic&quot;}\">\n\t\t\t\t<div class=\"elementor-element elementor-element-9eaad1d elementor-widget__width-initial elementor-widget elementor-widget-heading\" data-id=\"9eaad1d\" data-element_type=\"widget\" data-e-type=\"widget\" data-settings=\"{&quot;_animation_mobile&quot;:&quot;none&quot;}\" data-widget_type=\"heading.default\">\n\t\t\t\t<div class=\"elementor-widget-container\">\n\t\t\t\t\t<h2 class=\"elementor-heading-title elementor-size-default\">Pr\u00e9cision du tronc <\/br><span>au panneau.<\/span>\n<\/h2>\t\t\t\t<\/div>\n\t\t\t\t<\/div>\n\t\t\t\t<div class=\"elementor-element elementor-element-0dbe8ac elementor-widget__width-initial animated-fast elementor-invisible elementor-widget elementor-widget-text-editor\" data-id=\"0dbe8ac\" data-element_type=\"widget\" data-e-type=\"widget\" data-settings=\"{&quot;_animation&quot;:&quot;zoomIn&quot;,&quot;_animation_delay&quot;:150}\" data-widget_type=\"text-editor.default\">\n\t\t\t\t<div class=\"elementor-widget-container\">\n\t\t\t\t\t\t\t\t\t<span style=\"font-weight: 200;\">Chaque panneau d\u00e9bute son parcours avec un tronc soigneusement s\u00e9lectionn\u00e9, livr\u00e9 de la for\u00eat au lac Shuswap. De l&rsquo;\u00e9cor\u00e7age et de la d\u00e9coupe au chauffage, \u00e0 l&rsquo;\u00e9pluchage et au s\u00e9chage, chaque \u00e9tape est minutieusement contr\u00f4l\u00e9e. Nos processus avanc\u00e9s transforment le bois brut en rubans de placage, qui sont ensuite press\u00e9s en panneaux construits selon des normes de r\u00e9sistance et de performance rigoureuses.<\/span>\t\t\t\t\t\t\t\t<\/div>\n\t\t\t\t<\/div>\n\t\t\t\t<\/div>\n\t\t<div class=\"elementor-element elementor-element-d95c969 e-con-full e-flex e-con e-child\" data-id=\"d95c969\" data-element_type=\"container\" data-e-type=\"container\">\n\t\t\t\t<div class=\"elementor-element elementor-element-0cbfbbb elementor-widget elementor-widget-image\" data-id=\"0cbfbbb\" data-element_type=\"widget\" data-e-type=\"widget\" data-widget_type=\"image.default\">\n\t\t\t\t<div class=\"elementor-widget-container\">\n\t\t\t\t\t\t\t\t\t\t\t\t\t\t\t<img decoding=\"async\" width=\"1024\" height=\"572\" src=\"https:\/\/similkameenfp.com\/wp-content\/uploads\/2025\/10\/Screenshot-2025-10-14-at-1.05.08-PM-1024x572.png\" class=\"attachment-large size-large wp-image-7149\" alt=\"\" srcset=\"https:\/\/similkameenfp.com\/wp-content\/uploads\/2025\/10\/Screenshot-2025-10-14-at-1.05.08-PM-1024x572.png 1024w, https:\/\/similkameenfp.com\/wp-content\/uploads\/2025\/10\/Screenshot-2025-10-14-at-1.05.08-PM-300x168.png 300w, https:\/\/similkameenfp.com\/wp-content\/uploads\/2025\/10\/Screenshot-2025-10-14-at-1.05.08-PM-768x429.png 768w, https:\/\/similkameenfp.com\/wp-content\/uploads\/2025\/10\/Screenshot-2025-10-14-at-1.05.08-PM-1536x858.png 1536w, https:\/\/similkameenfp.com\/wp-content\/uploads\/2025\/10\/Screenshot-2025-10-14-at-1.05.08-PM-1200x670.png 1200w, https:\/\/similkameenfp.com\/wp-content\/uploads\/2025\/10\/Screenshot-2025-10-14-at-1.05.08-PM-1400x782.png 1400w, https:\/\/similkameenfp.com\/wp-content\/uploads\/2025\/10\/Screenshot-2025-10-14-at-1.05.08-PM.png 1898w\" sizes=\"(max-width: 1024px) 100vw, 1024px\" \/>\t\t\t\t\t\t\t\t\t\t\t\t\t\t\t<\/div>\n\t\t\t\t<\/div>\n\t\t\t\t<\/div>\n\t\t\t\t<\/div>\n\t\t\t\t<\/div>\n\t\t<div class=\"elementor-element elementor-element-3264911 e-con-full e-flex e-con e-parent\" data-id=\"3264911\" data-element_type=\"container\" data-e-type=\"container\">\n\t\t<div class=\"elementor-element elementor-element-a1a6b1e e-con-full e-flex e-con e-child\" data-id=\"a1a6b1e\" data-element_type=\"container\" data-e-type=\"container\">\n\t\t\t\t<div class=\"elementor-element elementor-element-0ec08e0 elementor-widget elementor-widget-image\" data-id=\"0ec08e0\" data-element_type=\"widget\" data-e-type=\"widget\" data-widget_type=\"image.default\">\n\t\t\t\t<div class=\"elementor-widget-container\">\n\t\t\t\t\t\t\t\t\t\t\t\t\t\t\t<img loading=\"lazy\" decoding=\"async\" width=\"1024\" height=\"576\" src=\"https:\/\/similkameenfp.com\/wp-content\/uploads\/2025\/10\/Screenshot-2025-10-14-at-1.06.02-PM-1024x576.png\" class=\"attachment-large size-large wp-image-7153\" alt=\"\" srcset=\"https:\/\/similkameenfp.com\/wp-content\/uploads\/2025\/10\/Screenshot-2025-10-14-at-1.06.02-PM-1024x576.png 1024w, https:\/\/similkameenfp.com\/wp-content\/uploads\/2025\/10\/Screenshot-2025-10-14-at-1.06.02-PM-300x169.png 300w, https:\/\/similkameenfp.com\/wp-content\/uploads\/2025\/10\/Screenshot-2025-10-14-at-1.06.02-PM-768x432.png 768w, https:\/\/similkameenfp.com\/wp-content\/uploads\/2025\/10\/Screenshot-2025-10-14-at-1.06.02-PM-1536x864.png 1536w, https:\/\/similkameenfp.com\/wp-content\/uploads\/2025\/10\/Screenshot-2025-10-14-at-1.06.02-PM-1200x675.png 1200w, https:\/\/similkameenfp.com\/wp-content\/uploads\/2025\/10\/Screenshot-2025-10-14-at-1.06.02-PM-1400x787.png 1400w, https:\/\/similkameenfp.com\/wp-content\/uploads\/2025\/10\/Screenshot-2025-10-14-at-1.06.02-PM.png 1910w\" sizes=\"(max-width: 1024px) 100vw, 1024px\" \/>\t\t\t\t\t\t\t\t\t\t\t\t\t\t\t<\/div>\n\t\t\t\t<\/div>\n\t\t\t\t<\/div>\n\t\t<div class=\"elementor-element elementor-element-a46be61 e-con-full e-flex e-con e-child\" data-id=\"a46be61\" data-element_type=\"container\" data-e-type=\"container\">\n\t\t\t\t<div class=\"elementor-element elementor-element-1545397 elementor-widget__width-initial elementor-widget elementor-widget-heading\" data-id=\"1545397\" data-element_type=\"widget\" data-e-type=\"widget\" data-settings=\"{&quot;_animation_mobile&quot;:&quot;none&quot;}\" data-widget_type=\"heading.default\">\n\t\t\t\t<div class=\"elementor-widget-container\">\n\t\t\t\t\t<h2 class=\"elementor-heading-title elementor-size-default\">Excellence garantie\n<br \/>\n<span>18 000 feuilles par jour.<\/span>\n<\/h2>\t\t\t\t<\/div>\n\t\t\t\t<\/div>\n\t\t\t\t<div class=\"elementor-element elementor-element-8de6147 elementor-widget__width-initial animated-fast elementor-invisible elementor-widget elementor-widget-text-editor\" data-id=\"8de6147\" data-element_type=\"widget\" data-e-type=\"widget\" data-settings=\"{&quot;_animation&quot;:&quot;zoomIn&quot;,&quot;_animation_delay&quot;:150}\" data-widget_type=\"text-editor.default\">\n\t\t\t\t<div class=\"elementor-widget-container\">\n\t\t\t\t\t\t\t\t\t<p><span style=\"font-weight: 400;\">Une fois press\u00e9, notre contreplaqu\u00e9 est d\u00e9coup\u00e9, class\u00e9 et am\u00e9lior\u00e9 pour r\u00e9pondre \u00e0 des applications vari\u00e9es, allant du contreplaqu\u00e9 de structure \u00e0 des panneaux sp\u00e9cialis\u00e9s. La production quotidienne moyenne atteint 18 000 feuilles, soit environ sept chargements de camions. Align\u00e9es bout \u00e0 bout, cela repr\u00e9sente 44 kilom\u00e8tres de panneaux par jour. Chaque feuille t\u00e9moigne de notre engagement \u00e0 livrer des produits durables et fiables, dignes de confiance aupr\u00e8s des b\u00e2tisseurs du monde entier.<\/span><\/p>\t\t\t\t\t\t\t\t<\/div>\n\t\t\t\t<\/div>\n\t\t\t\t<\/div>\n\t\t\t\t<\/div>\n\t\t<div class=\"elementor-element elementor-element-76a4d05 e-con-full gormanstg-section-team e-flex e-con e-parent\" data-id=\"76a4d05\" data-element_type=\"container\" data-e-type=\"container\" data-settings=\"{&quot;background_background&quot;:&quot;classic&quot;}\">\n\t\t<div class=\"elementor-element elementor-element-cbbb379 e-con-full e-flex e-con e-child\" data-id=\"cbbb379\" data-element_type=\"container\" data-e-type=\"container\">\n\t\t<div class=\"elementor-element elementor-element-42c381f e-con-full e-flex e-con e-child\" data-id=\"42c381f\" data-element_type=\"container\" data-e-type=\"container\" data-settings=\"{&quot;background_background&quot;:&quot;classic&quot;}\">\n\t\t\t\t<div class=\"elementor-element elementor-element-4d3eb58 elementor-widget__width-initial elementor-widget elementor-widget-heading\" data-id=\"4d3eb58\" data-element_type=\"widget\" data-e-type=\"widget\" data-settings=\"{&quot;_animation_mobile&quot;:&quot;none&quot;}\" data-widget_type=\"heading.default\">\n\t\t\t\t<div class=\"elementor-widget-container\">\n\t\t\t\t\t<h2 class=\"elementor-heading-title elementor-size-default\">Durabilit\u00e9 sur laquelle <\/br><span>vous pouvez compter.<\/span>\n<\/h2>\t\t\t\t<\/div>\n\t\t\t\t<\/div>\n\t\t\t\t<div class=\"elementor-element elementor-element-26853c5 elementor-widget__width-initial animated-fast elementor-invisible elementor-widget elementor-widget-text-editor\" data-id=\"26853c5\" data-element_type=\"widget\" data-e-type=\"widget\" data-settings=\"{&quot;_animation&quot;:&quot;zoomIn&quot;,&quot;_animation_delay&quot;:150}\" data-widget_type=\"text-editor.default\">\n\t\t\t\t<div class=\"elementor-widget-container\">\n\t\t\t\t\t\t\t\t\t<span style=\"font-weight: 200;\">Nous croyons en l&rsquo;optimisation de chaque tronc. Les sous-produits tels que les copeaux de bois, les c\u0153urs d&rsquo;\u00e9pluchage et le combustible de d\u00e9chiquetage sont r\u00e9utilis\u00e9s, garantissant qu&rsquo;aucun d\u00e9chet n&rsquo;est g\u00e9n\u00e9r\u00e9. En tant que premi\u00e8re scierie de contreplaqu\u00e9 au Canada certifi\u00e9e selon les normes JAS du Japon, nous sommes fiers de fixer des standards \u00e9lev\u00e9s en mati\u00e8re de qualit\u00e9, de durabilit\u00e9 et de gestion environnementale.<\/span>\t\t\t\t\t\t\t\t<\/div>\n\t\t\t\t<\/div>\n\t\t\t\t<\/div>\n\t\t<div class=\"elementor-element elementor-element-2804908 e-con-full e-flex e-con e-child\" data-id=\"2804908\" data-element_type=\"container\" data-e-type=\"container\">\n\t\t\t\t<div class=\"elementor-element elementor-element-82b93d1 elementor-widget elementor-widget-image\" data-id=\"82b93d1\" data-element_type=\"widget\" data-e-type=\"widget\" data-widget_type=\"image.default\">\n\t\t\t\t<div class=\"elementor-widget-container\">\n\t\t\t\t\t\t\t\t\t\t\t\t\t\t\t<img loading=\"lazy\" decoding=\"async\" width=\"1024\" height=\"577\" src=\"https:\/\/similkameenfp.com\/wp-content\/uploads\/2025\/11\/Screenshot-2025-11-20-at-10.51.59-AM-1024x577.png\" class=\"attachment-large size-large wp-image-7365\" alt=\"\" srcset=\"https:\/\/similkameenfp.com\/wp-content\/uploads\/2025\/11\/Screenshot-2025-11-20-at-10.51.59-AM-1024x577.png 1024w, https:\/\/similkameenfp.com\/wp-content\/uploads\/2025\/11\/Screenshot-2025-11-20-at-10.51.59-AM-300x169.png 300w, https:\/\/similkameenfp.com\/wp-content\/uploads\/2025\/11\/Screenshot-2025-11-20-at-10.51.59-AM-768x433.png 768w, https:\/\/similkameenfp.com\/wp-content\/uploads\/2025\/11\/Screenshot-2025-11-20-at-10.51.59-AM-1536x866.png 1536w, https:\/\/similkameenfp.com\/wp-content\/uploads\/2025\/11\/Screenshot-2025-11-20-at-10.51.59-AM-1200x677.png 1200w, https:\/\/similkameenfp.com\/wp-content\/uploads\/2025\/11\/Screenshot-2025-11-20-at-10.51.59-AM-1400x789.png 1400w, https:\/\/similkameenfp.com\/wp-content\/uploads\/2025\/11\/Screenshot-2025-11-20-at-10.51.59-AM.png 1912w\" sizes=\"(max-width: 1024px) 100vw, 1024px\" \/>\t\t\t\t\t\t\t\t\t\t\t\t\t\t\t<\/div>\n\t\t\t\t<\/div>\n\t\t\t\t<\/div>\n\t\t\t\t<\/div>\n\t\t\t\t<\/div>\n\t\t<div class=\"elementor-element elementor-element-8efbcc3 e-flex e-con-boxed e-con e-parent\" data-id=\"8efbcc3\" data-element_type=\"container\" data-e-type=\"container\" data-settings=\"{&quot;background_background&quot;:&quot;classic&quot;}\">\n\t\t\t\t\t<div class=\"e-con-inner\">\n\t\t\t\t<div class=\"elementor-element elementor-element-7802325 elementor-widget__width-initial elementor-widget elementor-widget-heading\" data-id=\"7802325\" data-element_type=\"widget\" data-e-type=\"widget\" data-settings=\"{&quot;_animation_mobile&quot;:&quot;none&quot;}\" data-widget_type=\"heading.default\">\n\t\t\t\t<div class=\"elementor-widget-container\">\n\t\t\t\t\t<h2 class=\"elementor-heading-title elementor-size-default\">Inscrivez-vous <br \/>\n<span>\u00e0 l\u2019infolettre.<\/span><\/h2>\t\t\t\t<\/div>\n\t\t\t\t<\/div>\n\t\t\t\t<div class=\"elementor-element elementor-element-cf87a67 elementor-widget__width-initial animated-fast elementor-invisible elementor-widget elementor-widget-text-editor\" data-id=\"cf87a67\" data-element_type=\"widget\" data-e-type=\"widget\" data-settings=\"{&quot;_animation&quot;:&quot;zoomIn&quot;,&quot;_animation_delay&quot;:150}\" data-widget_type=\"text-editor.default\">\n\t\t\t\t<div class=\"elementor-widget-container\">\n\t\t\t\t\t\t\t\t\t<span style=\"font-weight: 200;\">Envie de rester inform\u00e9? Inscrivez-vous \u00e0 notre infolettre et recevez directement dans votre bo\u00eete de r\u00e9ception des nouvelles passionnantes sur nos derniers produits, nos initiatives communautaires, ainsi que des mises \u00e0 jour sur notre entreprise. Ne manquez pas l&rsquo;occasion de faire partie de notre communaut\u00e9 dynamique. Rejoignez-nous d\u00e8s aujourd&rsquo;hui!<\/span>\t\t\t\t\t\t\t\t<\/div>\n\t\t\t\t<\/div>\n\t\t\t\t<div class=\"elementor-element elementor-element-63136ba elementor-align-left elementor-widget__width-initial elementor-invisible elementor-widget elementor-widget-button\" data-id=\"63136ba\" data-element_type=\"widget\" data-e-type=\"widget\" data-settings=\"{&quot;_animation&quot;:&quot;slideInUp&quot;,&quot;_animation_mobile&quot;:&quot;none&quot;}\" data-widget_type=\"button.default\">\n\t\t\t\t<div class=\"elementor-widget-container\">\n\t\t\t\t\t\t\t\t\t<div class=\"elementor-button-wrapper\">\n\t\t\t\t\t<a class=\"elementor-button elementor-button-link elementor-size-sm\" href=\"#elementor-action%3Aaction%3Dpopup%3Aopen%26settings%3DeyJpZCI6Njk5MywidG9nZ2xlIjpmYWxzZX0%3D\">\n\t\t\t\t\t\t<span class=\"elementor-button-content-wrapper\">\n\t\t\t\t\t\t\t\t\t<span class=\"elementor-button-text\">S\u2019inscrire<\/span>\n\t\t\t\t\t<\/span>\n\t\t\t\t\t<\/a>\n\t\t\t\t<\/div>\n\t\t\t\t\t\t\t\t<\/div>\n\t\t\t\t<\/div>\n\t\t\t\t\t<\/div>\n\t\t\t\t<\/div>\n\t\t\t\t<\/div>\n\t\t","protected":false},"excerpt":{"rendered":"<p>Contreplaqu\u00e9 Canoe Une qualit\u00e9, une fiabilit\u00e9 et une performance in\u00e9gal\u00e9es. Lorsque vous choisissez la marque Canoe, vous optez pour la marque Excellence garantie. Notre fiert\u00e9 se refl\u00e8te dans nos produits. Les produits de Produits forestiers Canoe sont fabriqu\u00e9s \u00e0 partir de fibres de haute qualit\u00e9, provenant de mani\u00e8re durable de l&rsquo;int\u00e9rieur de la Colombie-Britannique. Nous &hellip;<\/p>\n","protected":false},"author":1,"featured_media":0,"parent":0,"menu_order":0,"comment_status":"closed","ping_status":"closed","template":"elementor_header_footer","meta":{"_acf_changed":false,"_genesis_block_theme_hide_title":false,"footnotes":""},"class_list":["post-7402","page","type-page","status-publish","hentry","post","without-featured-image"],"acf":[],"featured_image_src":null,"featured_image_src_square":null,"_links":{"self":[{"href":"https:\/\/similkameenfp.com\/fr\/wp-json\/wp\/v2\/pages\/7402","targetHints":{"allow":["GET"]}}],"collection":[{"href":"https:\/\/similkameenfp.com\/fr\/wp-json\/wp\/v2\/pages"}],"about":[{"href":"https:\/\/similkameenfp.com\/fr\/wp-json\/wp\/v2\/types\/page"}],"author":[{"embeddable":true,"href":"https:\/\/similkameenfp.com\/fr\/wp-json\/wp\/v2\/users\/1"}],"replies":[{"embeddable":true,"href":"https:\/\/similkameenfp.com\/fr\/wp-json\/wp\/v2\/comments?post=7402"}],"version-history":[{"count":0,"href":"https:\/\/similkameenfp.com\/fr\/wp-json\/wp\/v2\/pages\/7402\/revisions"}],"wp:attachment":[{"href":"https:\/\/similkameenfp.com\/fr\/wp-json\/wp\/v2\/media?parent=7402"}],"curies":[{"name":"wp","href":"https:\/\/api.w.org\/{rel}","templated":true}]}}