{"id":7403,"date":"2025-09-22T20:51:34","date_gmt":"2025-09-22T20:51:34","guid":{"rendered":"https:\/\/canoefp.wpenginepowered.com\/?page_id=7403"},"modified":"2025-12-09T23:32:54","modified_gmt":"2025-12-09T23:32:54","slug":"notre-processus-de-production-de-contreplaque","status":"publish","type":"page","link":"https:\/\/similkameenfp.com\/fr\/contreplaque-canoe\/notre-processus-de-production-de-contreplaque\/","title":{"rendered":"Notre processus de production de contreplaqu\u00e9"},"content":{"rendered":"\t\t<div data-elementor-type=\"wp-page\" data-elementor-id=\"7403\" class=\"elementor elementor-7403 elementor-7121\" data-elementor-post-type=\"page\">\n\t\t\t\t<div class=\"elementor-element elementor-element-333e01f e-flex e-con-boxed e-con e-parent\" data-id=\"333e01f\" data-element_type=\"container\" data-e-type=\"container\" data-settings=\"{&quot;background_background&quot;:&quot;classic&quot;}\">\n\t\t\t\t\t<div class=\"e-con-inner\">\n\t\t\t\t<div class=\"elementor-element elementor-element-1ce9379 elementor-invisible elementor-widget elementor-widget-heading\" data-id=\"1ce9379\" data-element_type=\"widget\" data-e-type=\"widget\" data-settings=\"{&quot;_animation&quot;:&quot;fadeInDown&quot;,&quot;_animation_mobile&quot;:&quot;none&quot;,&quot;_animation_delay&quot;:400}\" data-widget_type=\"heading.default\">\n\t\t\t\t<div class=\"elementor-widget-container\">\n\t\t\t\t\t<h1 class=\"elementor-heading-title elementor-size-default\">Notre processus de production de contreplaqu\u00e9<\/h1>\t\t\t\t<\/div>\n\t\t\t\t<\/div>\n\t\t\t\t<div class=\"elementor-element elementor-element-186aec7 elementor-widget__width-initial elementor-widget-tablet__width-inherit elementor-widget-mobile__width-inherit elementor-invisible elementor-widget elementor-widget-text-editor\" data-id=\"186aec7\" data-element_type=\"widget\" data-e-type=\"widget\" data-settings=\"{&quot;_animation&quot;:&quot;fadeInDown&quot;,&quot;_animation_mobile&quot;:&quot;none&quot;,&quot;_animation_delay&quot;:200}\" data-widget_type=\"text-editor.default\">\n\t\t\t\t<div class=\"elementor-widget-container\">\n\t\t\t\t\t\t\t\t\t<span style=\"font-weight: 200;\">De la for\u00eat au produit fini, nous respectons des m\u00e9thodes de production rigoureuses afin d&rsquo;offrir un produit de qualit\u00e9 sup\u00e9rieure.<\/span>\t\t\t\t\t\t\t\t<\/div>\n\t\t\t\t<\/div>\n\t\t\t\t\t<\/div>\n\t\t\t\t<\/div>\n\t\t<div class=\"elementor-element elementor-element-af24723 e-con-full gormanstg-section-team e-flex e-con e-parent\" data-id=\"af24723\" data-element_type=\"container\" data-e-type=\"container\" data-settings=\"{&quot;background_background&quot;:&quot;classic&quot;}\">\n\t\t<div class=\"elementor-element elementor-element-b07aca4 e-con-full e-flex e-con e-child\" data-id=\"b07aca4\" data-element_type=\"container\" data-e-type=\"container\">\n\t\t<div class=\"elementor-element elementor-element-f42c1fd e-con-full e-flex e-con e-child\" data-id=\"f42c1fd\" data-element_type=\"container\" data-e-type=\"container\" data-settings=\"{&quot;background_background&quot;:&quot;classic&quot;}\">\n\t\t\t\t<div class=\"elementor-element elementor-element-edbb655 elementor-widget__width-initial elementor-widget elementor-widget-heading\" data-id=\"edbb655\" data-element_type=\"widget\" data-e-type=\"widget\" data-settings=\"{&quot;_animation_mobile&quot;:&quot;none&quot;}\" data-widget_type=\"heading.default\">\n\t\t\t\t<div class=\"elementor-widget-container\">\n\t\t\t\t\t<h2 class=\"elementor-heading-title elementor-size-default\"><span>Privil\u00e9giez le contreplaqu\u00e9 Canoe \npour un choix gagnant.<\/span>\n<\/h2>\t\t\t\t<\/div>\n\t\t\t\t<\/div>\n\t\t\t\t<div class=\"elementor-element elementor-element-b74abd5 elementor-widget__width-initial animated-fast elementor-invisible elementor-widget elementor-widget-text-editor\" data-id=\"b74abd5\" data-element_type=\"widget\" data-e-type=\"widget\" data-settings=\"{&quot;_animation&quot;:&quot;zoomIn&quot;,&quot;_animation_delay&quot;:150}\" data-widget_type=\"text-editor.default\">\n\t\t\t\t<div class=\"elementor-widget-container\">\n\t\t\t\t\t\t\t\t\t<span style=\"font-weight: 200;\">Nous ne nous contentons pas de fabriquer du contreplaqu\u00e9; nous concevons un produit qui surpasse, dure plus longtemps et se vend mieux que les autres marques. De la for\u00eat \u00e0 la finition, chaque feuille de contreplaqu\u00e9 Canoe est le fruit d&rsquo;un soin m\u00e9ticuleux, d&rsquo;une technologie avanc\u00e9e et de plusieurs d\u00e9cennies d&rsquo;expertise. En choisissant Produits forestiers Canoe, vous n&rsquo;obtenez pas simplement un panneau, mais un v\u00e9ritable avantage concurrentiel.\u00a0<\/span>\t\t\t\t\t\t\t\t<\/div>\n\t\t\t\t<\/div>\n\t\t\t\t<\/div>\n\t\t<div class=\"elementor-element elementor-element-b49badd e-con-full e-flex e-con e-child\" data-id=\"b49badd\" data-element_type=\"container\" data-e-type=\"container\">\n\t\t\t\t<div class=\"elementor-element elementor-element-33b7266 elementor-widget elementor-widget-image\" data-id=\"33b7266\" data-element_type=\"widget\" data-e-type=\"widget\" data-widget_type=\"image.default\">\n\t\t\t\t<div class=\"elementor-widget-container\">\n\t\t\t\t\t\t\t\t\t\t\t\t\t\t\t<img fetchpriority=\"high\" decoding=\"async\" width=\"1024\" height=\"568\" src=\"https:\/\/similkameenfp.com\/wp-content\/uploads\/2025\/11\/Screenshot-2025-11-19-at-3.59.38-PM-1024x568.png\" class=\"attachment-large size-large wp-image-7242\" alt=\"\" srcset=\"https:\/\/similkameenfp.com\/wp-content\/uploads\/2025\/11\/Screenshot-2025-11-19-at-3.59.38-PM-1024x568.png 1024w, https:\/\/similkameenfp.com\/wp-content\/uploads\/2025\/11\/Screenshot-2025-11-19-at-3.59.38-PM-300x166.png 300w, https:\/\/similkameenfp.com\/wp-content\/uploads\/2025\/11\/Screenshot-2025-11-19-at-3.59.38-PM-768x426.png 768w, https:\/\/similkameenfp.com\/wp-content\/uploads\/2025\/11\/Screenshot-2025-11-19-at-3.59.38-PM-1536x852.png 1536w, https:\/\/similkameenfp.com\/wp-content\/uploads\/2025\/11\/Screenshot-2025-11-19-at-3.59.38-PM-1200x665.png 1200w, https:\/\/similkameenfp.com\/wp-content\/uploads\/2025\/11\/Screenshot-2025-11-19-at-3.59.38-PM-1400x776.png 1400w, https:\/\/similkameenfp.com\/wp-content\/uploads\/2025\/11\/Screenshot-2025-11-19-at-3.59.38-PM.png 1948w\" sizes=\"(max-width: 1024px) 100vw, 1024px\" \/>\t\t\t\t\t\t\t\t\t\t\t\t\t\t\t<\/div>\n\t\t\t\t<\/div>\n\t\t\t\t<\/div>\n\t\t\t\t<\/div>\n\t\t\t\t<\/div>\n\t\t<div class=\"elementor-element elementor-element-d15858b e-flex e-con-boxed e-con e-parent\" data-id=\"d15858b\" data-element_type=\"container\" data-e-type=\"container\" data-settings=\"{&quot;background_background&quot;:&quot;classic&quot;}\">\n\t\t\t\t\t<div class=\"e-con-inner\">\n\t\t\t\t<div class=\"elementor-element elementor-element-1bf2309 elementor-widget elementor-widget-heading\" data-id=\"1bf2309\" data-element_type=\"widget\" data-e-type=\"widget\" data-settings=\"{&quot;_animation_mobile&quot;:&quot;none&quot;}\" data-widget_type=\"heading.default\">\n\t\t\t\t<div class=\"elementor-widget-container\">\n\t\t\t\t\t<h2 class=\"elementor-heading-title elementor-size-default\">Le processus Canoe<\/h2>\t\t\t\t<\/div>\n\t\t\t\t<\/div>\n\t\t\t\t\t<\/div>\n\t\t\t\t<\/div>\n\t\t<div class=\"elementor-element elementor-element-596b5c1 e-flex e-con-boxed e-con e-parent\" data-id=\"596b5c1\" data-element_type=\"container\" data-e-type=\"container\">\n\t\t\t\t\t<div class=\"e-con-inner\">\n\t\t\t\t<div class=\"elementor-element elementor-element-e96daea elementor-widget-tablet__width-inherit elementor-widget-mobile__width-inherit elementor-invisible elementor-widget elementor-widget-text-editor\" data-id=\"e96daea\" data-element_type=\"widget\" data-e-type=\"widget\" data-settings=\"{&quot;_animation&quot;:&quot;fadeInDown&quot;,&quot;_animation_mobile&quot;:&quot;none&quot;,&quot;_animation_delay&quot;:200}\" data-widget_type=\"text-editor.default\">\n\t\t\t\t<div class=\"elementor-widget-container\">\n\t\t\t\t\t\t\t\t\t<p style=\"text-align: left; color: #000000; font-weight: 400;\"><span style=\"font-weight: 400;\">De la for\u00eat au produit fini, nous utilisons la technologie la plus r\u00e9cente pour produire les panneaux les plus raffin\u00e9s disponibles sur le march\u00e9. C&rsquo;est la diff\u00e9rence entre un panneau ordinaire et un panneau de contreplaqu\u00e9 Canoe.<\/span><\/p>\t\t\t\t\t\t\t\t<\/div>\n\t\t\t\t<\/div>\n\t\t\t\t\t<\/div>\n\t\t\t\t<\/div>\n\t\t<div class=\"elementor-element elementor-element-ba11d12 e-con-full e-flex e-con e-parent\" data-id=\"ba11d12\" data-element_type=\"container\" data-e-type=\"container\" data-settings=\"{&quot;background_background&quot;:&quot;classic&quot;}\">\n\t\t<div class=\"elementor-element elementor-element-cba2d48 e-flex e-con-boxed e-con e-child\" data-id=\"cba2d48\" data-element_type=\"container\" data-e-type=\"container\" data-settings=\"{&quot;background_background&quot;:&quot;classic&quot;}\">\n\t\t\t\t\t<div class=\"e-con-inner\">\n\t\t\t\t<div class=\"elementor-element elementor-element-8479c1e elementor-widget elementor-widget-bt-timeline-slider\" data-id=\"8479c1e\" data-element_type=\"widget\" data-e-type=\"widget\" data-widget_type=\"bt-timeline-slider.default\">\n\t\t\t\t<div class=\"elementor-widget-container\">\n\t\t\t\t\t        <div class=\"bt-timeline-slider swiper\">\n            <div class=\"bt-timeline swiper-wrapper\">\n                                    <div class=\"swiper-slide\">\n                        <div class=\"timeline-item\">\n                                                                                                <div class=\"timeline-image\">\n                                        <img decoding=\"async\" src=\"https:\/\/similkameenfp.com\/wp-content\/uploads\/2025\/11\/Screenshot-2025-11-19-at-4.18.01-PM.png\" title=\"Screenshot 2025-11-19 at 4.18.01\u202fPM\" alt=\"Screenshot 2025-11-19 at 4.18.01\u202fPM\" loading=\"lazy\" \/>                                    <\/div>\n                                                                <div class=\"line-timeline\"><\/div>\n                                <div class=\"timeline-content\">\n                                                                            <div class=\"timeline-year\">\u00c9cor\u00e7age et d\u00e9coupe des grumes \u00e0 d\u00e9rouler<\/div>\n                                    \n                                                                            <div class=\"timeline-description\">Les grumes de sapin Douglas sont extraites de l&#039;eau et passent par un \u00e9corceur. Elles sont ensuite d\u00e9coup\u00e9es \u00e0 une longueur pr\u00e9cise pour devenir des grumes \u00e0 d\u00e9rouler<\/div>\n                                                                    <\/div>\n                                                    <\/div>\n                    <\/div>\n                                    <div class=\"swiper-slide\">\n                        <div class=\"timeline-item\">\n                                                            <div class=\"timeline-content\">\n                                                                            <div class=\"timeline-year\">Conditionnement thermique, d\u00e9coupe des placages et s\u00e9chage<\/div>\n                                    \n                                                                            <div class=\"timeline-description\">Les grumes coup\u00e9es sont chauff\u00e9es dans une cuve de conditionnement \u00e0 60 \u00b0C pendant 12 \u00e0 14 heures. Elles sont ensuite d\u00e9roul\u00e9es sur une d\u00e9ligneuse pour obtenir des rubans de placage de \u215b po. Le placage est s\u00e9ch\u00e9 dans un s\u00e9choir au gaz naturel \u00e0 177 \u00b0C.<\/div>\n                                                                    <\/div>\n                                <div class=\"line-timeline\"><\/div>\n                                                                    <div class=\"timeline-image\">\n                                        <img decoding=\"async\" src=\"https:\/\/similkameenfp.com\/wp-content\/uploads\/2025\/11\/Screenshot-2025-11-20-at-1.45.39-PM.png\" title=\"Screenshot 2025-11-20 at 1.45.39\u202fPM\" alt=\"Screenshot 2025-11-20 at 1.45.39\u202fPM\" loading=\"lazy\" \/>                                    <\/div>\n                                                                                    <\/div>\n                    <\/div>\n                                    <div class=\"swiper-slide\">\n                        <div class=\"timeline-item\">\n                                                                                                <div class=\"timeline-image\">\n                                        <img decoding=\"async\" src=\"https:\/\/similkameenfp.com\/wp-content\/uploads\/2025\/11\/Screenshot-2025-11-19-at-3.59.49-PM.png\" title=\"Screenshot 2025-11-19 at 3.59.49\u202fPM\" alt=\"Screenshot 2025-11-19 at 3.59.49\u202fPM\" loading=\"lazy\" \/>                                    <\/div>\n                                                                <div class=\"line-timeline\"><\/div>\n                                <div class=\"timeline-content\">\n                                                                            <div class=\"timeline-year\">Rideau de colle et presse \u00e0 panneaux<\/div>\n                                    \n                                                                            <div class=\"timeline-description\">Les feuilles de placage s\u00e9ch\u00e9es passent sous un rideau de colle et sont assembl\u00e9es en diff\u00e9rentes \u00e9paisseurs de panneaux. Ces panneaux sont ensuite press\u00e9s \u00e0 une pression de 175 \u00e0 200 lb par pouce carr\u00e9 \u00e0 une temp\u00e9rature variant entre 140 \u00b0C et 149 \u00b0C pour cr\u00e9er une liaison permanente et imperm\u00e9able.<\/div>\n                                                                    <\/div>\n                                                    <\/div>\n                    <\/div>\n                                    <div class=\"swiper-slide\">\n                        <div class=\"timeline-item\">\n                                                            <div class=\"timeline-content\">\n                                                                            <div class=\"timeline-year\">D\u00e9coupe et finition<\/div>\n                                    \n                                                                            <div class=\"timeline-description\">Les panneaux coll\u00e9s sont d\u00e9coup\u00e9s en feuilles de 1220 mm x 2440 mm (4\u2019 x 8\u2019) et class\u00e9s comme Bonne face, S\u00e9lection, Contreplaqu\u00e9 de rev\u00eatement ou panneau sp\u00e9cial sur mesure. Une mise \u00e0 niveau suppl\u00e9mentaire peut \u00eatre r\u00e9alis\u00e9e par rainurage, pon\u00e7age ou application d&#039;huile et de scellant sur les bords du contreplaqu\u00e9 pour des applications de construction ou industrielles.\n<\/div>\n                                                                    <\/div>\n                                <div class=\"line-timeline\"><\/div>\n                                                                    <div class=\"timeline-image\">\n                                        <img decoding=\"async\" src=\"https:\/\/similkameenfp.com\/wp-content\/uploads\/2025\/11\/Screenshot-2025-11-20-at-1.53.22-PM.png\" title=\"Screenshot 2025-11-20 at 1.53.22\u202fPM\" alt=\"Screenshot 2025-11-20 at 1.53.22\u202fPM\" loading=\"lazy\" \/>                                    <\/div>\n                                                                                    <\/div>\n                    <\/div>\n                            <\/div>\n            <div class=\"swiper-pagination\"><\/div>\n        <\/div>\n        <div class=\"swiper-button-next\"><\/div>\n        <div class=\"swiper-button-prev\"><\/div>\n      \n\t\t\t\t<\/div>\n\t\t\t\t<\/div>\n\t\t\t\t\t<\/div>\n\t\t\t\t<\/div>\n\t\t\t\t<\/div>\n\t\t<div class=\"elementor-element elementor-element-8efbcc3 e-flex e-con-boxed e-con e-parent\" data-id=\"8efbcc3\" data-element_type=\"container\" data-e-type=\"container\" data-settings=\"{&quot;background_background&quot;:&quot;classic&quot;}\">\n\t\t\t\t\t<div class=\"e-con-inner\">\n\t\t\t\t<div class=\"elementor-element elementor-element-7802325 elementor-widget__width-initial elementor-widget elementor-widget-heading\" data-id=\"7802325\" data-element_type=\"widget\" data-e-type=\"widget\" data-settings=\"{&quot;_animation_mobile&quot;:&quot;none&quot;}\" data-widget_type=\"heading.default\">\n\t\t\t\t<div class=\"elementor-widget-container\">\n\t\t\t\t\t<h2 class=\"elementor-heading-title elementor-size-default\">Inscrivez-vous <br \/>\n<span>\u00e0 l\u2019infolettre.<\/span><\/h2>\t\t\t\t<\/div>\n\t\t\t\t<\/div>\n\t\t\t\t<div class=\"elementor-element elementor-element-cf87a67 elementor-widget__width-initial animated-fast elementor-invisible elementor-widget elementor-widget-text-editor\" data-id=\"cf87a67\" data-element_type=\"widget\" data-e-type=\"widget\" data-settings=\"{&quot;_animation&quot;:&quot;zoomIn&quot;,&quot;_animation_delay&quot;:150}\" data-widget_type=\"text-editor.default\">\n\t\t\t\t<div class=\"elementor-widget-container\">\n\t\t\t\t\t\t\t\t\t<span style=\"font-weight: 200;\">Envie de rester inform\u00e9? Inscrivez-vous \u00e0 notre infolettre et recevez directement dans votre bo\u00eete de r\u00e9ception des nouvelles passionnantes sur nos derniers produits, nos initiatives communautaires, ainsi que des mises \u00e0 jour sur notre entreprise. Ne manquez pas l&rsquo;occasion de faire partie de notre communaut\u00e9 dynamique. Rejoignez-nous d\u00e8s aujourd&rsquo;hui!<\/span>\t\t\t\t\t\t\t\t<\/div>\n\t\t\t\t<\/div>\n\t\t\t\t<div class=\"elementor-element elementor-element-63136ba elementor-align-left elementor-widget__width-initial elementor-invisible elementor-widget elementor-widget-button\" data-id=\"63136ba\" data-element_type=\"widget\" data-e-type=\"widget\" data-settings=\"{&quot;_animation&quot;:&quot;slideInUp&quot;,&quot;_animation_mobile&quot;:&quot;none&quot;}\" data-widget_type=\"button.default\">\n\t\t\t\t<div class=\"elementor-widget-container\">\n\t\t\t\t\t\t\t\t\t<div class=\"elementor-button-wrapper\">\n\t\t\t\t\t<a class=\"elementor-button elementor-button-link elementor-size-sm\" href=\"#elementor-action%3Aaction%3Dpopup%3Aopen%26settings%3DeyJpZCI6Njk5MywidG9nZ2xlIjpmYWxzZX0%3D\">\n\t\t\t\t\t\t<span class=\"elementor-button-content-wrapper\">\n\t\t\t\t\t\t\t\t\t<span class=\"elementor-button-text\">S\u2019inscrire<\/span>\n\t\t\t\t\t<\/span>\n\t\t\t\t\t<\/a>\n\t\t\t\t<\/div>\n\t\t\t\t\t\t\t\t<\/div>\n\t\t\t\t<\/div>\n\t\t\t\t\t<\/div>\n\t\t\t\t<\/div>\n\t\t\t\t<\/div>\n\t\t","protected":false},"excerpt":{"rendered":"<p>Notre processus de production de contreplaqu\u00e9 De la for\u00eat au produit fini, nous respectons des m\u00e9thodes de production rigoureuses afin d&rsquo;offrir un produit de qualit\u00e9 sup\u00e9rieure. Privil\u00e9giez le contreplaqu\u00e9 Canoe pour un choix gagnant. Nous ne nous contentons pas de fabriquer du contreplaqu\u00e9; nous concevons un produit qui surpasse, dure plus longtemps et se vend &hellip;<\/p>\n","protected":false},"author":1,"featured_media":0,"parent":7402,"menu_order":0,"comment_status":"closed","ping_status":"closed","template":"elementor_header_footer","meta":{"_acf_changed":false,"_genesis_block_theme_hide_title":false,"footnotes":""},"class_list":["post-7403","page","type-page","status-publish","hentry","post","without-featured-image"],"acf":[],"featured_image_src":null,"featured_image_src_square":null,"_links":{"self":[{"href":"https:\/\/similkameenfp.com\/fr\/wp-json\/wp\/v2\/pages\/7403","targetHints":{"allow":["GET"]}}],"collection":[{"href":"https:\/\/similkameenfp.com\/fr\/wp-json\/wp\/v2\/pages"}],"about":[{"href":"https:\/\/similkameenfp.com\/fr\/wp-json\/wp\/v2\/types\/page"}],"author":[{"embeddable":true,"href":"https:\/\/similkameenfp.com\/fr\/wp-json\/wp\/v2\/users\/1"}],"replies":[{"embeddable":true,"href":"https:\/\/similkameenfp.com\/fr\/wp-json\/wp\/v2\/comments?post=7403"}],"version-history":[{"count":0,"href":"https:\/\/similkameenfp.com\/fr\/wp-json\/wp\/v2\/pages\/7403\/revisions"}],"up":[{"embeddable":true,"href":"https:\/\/similkameenfp.com\/fr\/wp-json\/wp\/v2\/pages\/7402"}],"wp:attachment":[{"href":"https:\/\/similkameenfp.com\/fr\/wp-json\/wp\/v2\/media?parent=7403"}],"curies":[{"name":"wp","href":"https:\/\/api.w.org\/{rel}","templated":true}]}}