{"id":7408,"date":"2025-05-26T06:40:16","date_gmt":"2025-05-26T06:40:16","guid":{"rendered":"https:\/\/canoefp.wpenginepowered.com\/?page_id=7408"},"modified":"2025-12-11T18:21:07","modified_gmt":"2025-12-11T18:21:07","slug":"responsabilite-canoe","status":"publish","type":"page","link":"https:\/\/similkameenfp.com\/fr\/responsabilite-canoe\/","title":{"rendered":"Responsabilit\u00e9 Canoe"},"content":{"rendered":"\t\t<div data-elementor-type=\"wp-page\" data-elementor-id=\"7408\" class=\"elementor elementor-7408 elementor-309\" data-elementor-post-type=\"page\">\n\t\t\t\t<div class=\"elementor-element elementor-element-333e01f e-flex e-con-boxed e-con e-parent\" data-id=\"333e01f\" data-element_type=\"container\" data-e-type=\"container\" data-settings=\"{&quot;background_background&quot;:&quot;classic&quot;}\">\n\t\t\t\t\t<div class=\"e-con-inner\">\n\t\t\t\t<div class=\"elementor-element elementor-element-1ce9379 elementor-invisible elementor-widget elementor-widget-heading\" data-id=\"1ce9379\" data-element_type=\"widget\" data-e-type=\"widget\" data-settings=\"{&quot;_animation&quot;:&quot;fadeInDown&quot;,&quot;_animation_mobile&quot;:&quot;none&quot;,&quot;_animation_delay&quot;:400}\" data-widget_type=\"heading.default\">\n\t\t\t\t<div class=\"elementor-widget-container\">\n\t\t\t\t\t<h2 class=\"elementor-heading-title elementor-size-default\">Responsabilit\u00e9 Canoe<\/h2>\t\t\t\t<\/div>\n\t\t\t\t<\/div>\n\t\t\t\t<div class=\"elementor-element elementor-element-8bb1d9c elementor-widget__width-initial elementor-widget-tablet__width-inherit elementor-widget-mobile__width-inherit elementor-invisible elementor-widget elementor-widget-text-editor\" data-id=\"8bb1d9c\" data-element_type=\"widget\" data-e-type=\"widget\" data-settings=\"{&quot;_animation&quot;:&quot;fadeInDown&quot;,&quot;_animation_mobile&quot;:&quot;none&quot;,&quot;_animation_delay&quot;:200}\" data-widget_type=\"text-editor.default\">\n\t\t\t\t<div class=\"elementor-widget-container\">\n\t\t\t\t\t\t\t\t\t<span style=\"font-weight: 200;\">Chez Produits forestiers Canoe, nous croyons fermement qu&rsquo;il est de notre devoir de soutenir les personnes, les communaut\u00e9s et les for\u00eats qui, en retour, nous soutiennent. Ce principe guide notre approche des affaires, allant de notre investissement dans la s\u00e9curit\u00e9 et l&rsquo;inclusion des employ\u00e9s \u00e0 notre engagement proactif envers les communaut\u00e9s autochtones, ainsi qu&rsquo;\u00e0 notre engagement de longue date envers des pratiques foresti\u00e8res durables.<\/span>\t\t\t\t\t\t\t\t<\/div>\n\t\t\t\t<\/div>\n\t\t\t\t\t<\/div>\n\t\t\t\t<\/div>\n\t\t<div class=\"elementor-element elementor-element-b6d6d64 e-con-full gormanstg-section-team e-flex e-con e-parent\" data-id=\"b6d6d64\" data-element_type=\"container\" data-e-type=\"container\" data-settings=\"{&quot;background_background&quot;:&quot;classic&quot;}\">\n\t\t<div class=\"elementor-element elementor-element-0360d35 e-con-full e-flex e-con e-child\" data-id=\"0360d35\" data-element_type=\"container\" data-e-type=\"container\">\n\t\t<div class=\"elementor-element elementor-element-adc1531 e-con-full e-flex e-con e-child\" data-id=\"adc1531\" data-element_type=\"container\" data-e-type=\"container\" id=\"resp-scroll\" data-settings=\"{&quot;background_background&quot;:&quot;classic&quot;}\">\n\t\t\t\t<div class=\"elementor-element elementor-element-0c3cbf4 elementor-widget__width-initial elementor-widget elementor-widget-heading\" data-id=\"0c3cbf4\" data-element_type=\"widget\" data-e-type=\"widget\" data-settings=\"{&quot;_animation_mobile&quot;:&quot;none&quot;}\" data-widget_type=\"heading.default\">\n\t\t\t\t<div class=\"elementor-widget-container\">\n\t\t\t\t\t<h2 class=\"elementor-heading-title elementor-size-default\"><span>Un engagement envers la for\u00eat.<\/span><\/h2>\t\t\t\t<\/div>\n\t\t\t\t<\/div>\n\t\t\t\t<div class=\"elementor-element elementor-element-8389ba2 elementor-widget__width-initial animated-fast elementor-invisible elementor-widget elementor-widget-text-editor\" data-id=\"8389ba2\" data-element_type=\"widget\" data-e-type=\"widget\" data-settings=\"{&quot;_animation&quot;:&quot;zoomIn&quot;,&quot;_animation_delay&quot;:150}\" data-widget_type=\"text-editor.default\">\n\t\t\t\t<div class=\"elementor-widget-container\">\n\t\t\t\t\t\t\t\t\t<span style=\"font-weight: 200;\">Nos for\u00eats constituent une ressource durable et renouvelable que nous ne prendrons jamais pour acquise. Nous collaborons \u00e9troitement avec de nombreuses communaut\u00e9s des Premi\u00e8res Nations et veillons \u00e0 ce que, de la r\u00e9colte \u00e0 la plantation, nous soyons pleinement engag\u00e9s dans une gestion foresti\u00e8re responsable.<\/span>\n\n<span style=\"font-weight: 200;\">Nous g\u00e9rons nos droits forestiers selon un syst\u00e8me de gestion environnementale rigoureux et d\u00e9tenons des certifications SFI et PEFC. Nos efforts de reforestation d\u00e9passent les exigences: nous plantons entre 800 000 et 1,4 million d&rsquo;arbres chaque ann\u00e9e, soit presque le double de l&rsquo;exigence gouvernementale. Nous utilisons des m\u00e9thodes de r\u00e9colte \u00e0 faible impact et sommes fiers de notre reconnaissance par le Forest Practices Board pour notre soin et notre transparence en mati\u00e8re de gestion foresti\u00e8re.<\/span>\t\t\t\t\t\t\t\t<\/div>\n\t\t\t\t<\/div>\n\t\t\t\t<div class=\"elementor-element elementor-element-38af9e0 elementor-align-left elementor-widget__width-initial elementor-invisible elementor-widget elementor-widget-button\" data-id=\"38af9e0\" data-element_type=\"widget\" data-e-type=\"widget\" data-settings=\"{&quot;_animation&quot;:&quot;slideInUp&quot;,&quot;_animation_mobile&quot;:&quot;none&quot;}\" data-widget_type=\"button.default\">\n\t\t\t\t<div class=\"elementor-widget-container\">\n\t\t\t\t\t\t\t\t\t<div class=\"elementor-button-wrapper\">\n\t\t\t\t\t<a class=\"elementor-button elementor-button-link elementor-size-sm\" href=\"https:\/\/similkameenfp.com\/fr\/responsabilite-canoe\/plan-de-gestion-forestiere-canoe\/\">\n\t\t\t\t\t\t<span class=\"elementor-button-content-wrapper\">\n\t\t\t\t\t\t\t\t\t<span class=\"elementor-button-text\">Plan de gestion foresti\u00e8re<\/span>\n\t\t\t\t\t<\/span>\n\t\t\t\t\t<\/a>\n\t\t\t\t<\/div>\n\t\t\t\t\t\t\t\t<\/div>\n\t\t\t\t<\/div>\n\t\t\t\t<\/div>\n\t\t<div class=\"elementor-element elementor-element-04b4894 e-con-full e-flex e-con e-child\" data-id=\"04b4894\" data-element_type=\"container\" data-e-type=\"container\">\n\t\t\t\t<div class=\"elementor-element elementor-element-eb51225 elementor-widget elementor-widget-image\" data-id=\"eb51225\" data-element_type=\"widget\" data-e-type=\"widget\" data-widget_type=\"image.default\">\n\t\t\t\t<div class=\"elementor-widget-container\">\n\t\t\t\t\t\t\t\t\t\t\t\t\t\t\t<img fetchpriority=\"high\" decoding=\"async\" width=\"1024\" height=\"586\" src=\"https:\/\/similkameenfp.com\/wp-content\/uploads\/2025\/05\/bg-section-hero-woodlands-min-1024x586.jpg\" class=\"attachment-large size-large wp-image-1994\" alt=\"\" srcset=\"https:\/\/similkameenfp.com\/wp-content\/uploads\/2025\/05\/bg-section-hero-woodlands-min-1024x586.jpg 1024w, https:\/\/similkameenfp.com\/wp-content\/uploads\/2025\/05\/bg-section-hero-woodlands-min-300x172.jpg 300w, https:\/\/similkameenfp.com\/wp-content\/uploads\/2025\/05\/bg-section-hero-woodlands-min-768x439.jpg 768w, https:\/\/similkameenfp.com\/wp-content\/uploads\/2025\/05\/bg-section-hero-woodlands-min-1536x878.jpg 1536w, https:\/\/similkameenfp.com\/wp-content\/uploads\/2025\/05\/bg-section-hero-woodlands-min-2048x1171.jpg 2048w, https:\/\/similkameenfp.com\/wp-content\/uploads\/2025\/05\/bg-section-hero-woodlands-min-1200x686.jpg 1200w, https:\/\/similkameenfp.com\/wp-content\/uploads\/2025\/05\/bg-section-hero-woodlands-min-1400x801.jpg 1400w\" sizes=\"(max-width: 1024px) 100vw, 1024px\" \/>\t\t\t\t\t\t\t\t\t\t\t\t\t\t\t<\/div>\n\t\t\t\t<\/div>\n\t\t\t\t<\/div>\n\t\t\t\t<\/div>\n\t\t\t\t<\/div>\n\t\t<div class=\"elementor-element elementor-element-9dbab55 e-con-full e-flex e-con e-parent\" data-id=\"9dbab55\" data-element_type=\"container\" data-e-type=\"container\">\n\t\t<div class=\"elementor-element elementor-element-b631672 e-con-full e-flex e-con e-child\" data-id=\"b631672\" data-element_type=\"container\" data-e-type=\"container\">\n\t\t\t\t<div class=\"elementor-element elementor-element-f8d843a elementor-widget elementor-widget-image\" data-id=\"f8d843a\" data-element_type=\"widget\" data-e-type=\"widget\" data-widget_type=\"image.default\">\n\t\t\t\t<div class=\"elementor-widget-container\">\n\t\t\t\t\t\t\t\t\t\t\t\t\t\t\t<img decoding=\"async\" width=\"688\" height=\"1024\" src=\"https:\/\/similkameenfp.com\/wp-content\/uploads\/2025\/11\/Christmas-movie-692x1030-1-688x1024.jpg\" class=\"attachment-large size-large wp-image-7318\" alt=\"\" srcset=\"https:\/\/similkameenfp.com\/wp-content\/uploads\/2025\/11\/Christmas-movie-692x1030-1-688x1024.jpg 688w, https:\/\/similkameenfp.com\/wp-content\/uploads\/2025\/11\/Christmas-movie-692x1030-1-202x300.jpg 202w, https:\/\/similkameenfp.com\/wp-content\/uploads\/2025\/11\/Christmas-movie-692x1030-1-300x447.jpg 300w, https:\/\/similkameenfp.com\/wp-content\/uploads\/2025\/11\/Christmas-movie-692x1030-1.jpg 692w\" sizes=\"(max-width: 688px) 100vw, 688px\" \/>\t\t\t\t\t\t\t\t\t\t\t\t\t\t\t<\/div>\n\t\t\t\t<\/div>\n\t\t\t\t<\/div>\n\t\t<div class=\"elementor-element elementor-element-d8e4cf2 e-con-full e-flex e-con e-child\" data-id=\"d8e4cf2\" data-element_type=\"container\" data-e-type=\"container\">\n\t\t\t\t<div class=\"elementor-element elementor-element-b6e8652 elementor-widget__width-initial elementor-widget elementor-widget-heading\" data-id=\"b6e8652\" data-element_type=\"widget\" data-e-type=\"widget\" data-settings=\"{&quot;_animation_mobile&quot;:&quot;none&quot;}\" data-widget_type=\"heading.default\">\n\t\t\t\t<div class=\"elementor-widget-container\">\n\t\t\t\t\t<h2 class=\"elementor-heading-title elementor-size-default\">Un engagement \n\n<br \/>\n<span>envers la communaut\u00e9.<\/span><\/h2>\t\t\t\t<\/div>\n\t\t\t\t<\/div>\n\t\t\t\t<div class=\"elementor-element elementor-element-54376e7 elementor-widget__width-initial animated-fast elementor-invisible elementor-widget elementor-widget-text-editor\" data-id=\"54376e7\" data-element_type=\"widget\" data-e-type=\"widget\" data-settings=\"{&quot;_animation&quot;:&quot;zoomIn&quot;,&quot;_animation_delay&quot;:150}\" data-widget_type=\"text-editor.default\">\n\t\t\t\t<div class=\"elementor-widget-container\">\n\t\t\t\t\t\t\t\t\t<p><span style=\"font-weight: 400;\">Produits forestiers Canoe continuera d&rsquo;\u00e9largir notre implication et notre investissement envers nos employ\u00e9s et notre communaut\u00e9.<\/span><\/p><ul><li><span style=\"font-weight: 400;\">Soci\u00e9t\u00e9 canadienne du cancer \u2013 Relais pour la vie<\/span><\/li><li><span style=\"font-weight: 400;\">PAC de l&rsquo;\u00e9cole \u00e9l\u00e9mentaire North Canoe<\/span><\/li><li><span style=\"font-weight: 400;\">North Shuswap Timber Days Society<\/span><\/li><li><span style=\"font-weight: 400;\">Maison RJ Haney<\/span><\/li><li><span style=\"font-weight: 400;\">Loppet Reino Keski-Salmi<\/span><\/li><li><span style=\"font-weight: 400;\">L\u00e9gion royale canadienne<\/span><\/li><li><span style=\"font-weight: 400;\">SAS Dry Grad<\/span><\/li><li><span style=\"font-weight: 400;\">Safe Society<\/span><\/li><li><span style=\"font-weight: 400;\">Soci\u00e9t\u00e9 du Festival des enfants de Salmon Arm<\/span><\/li><li><span style=\"font-weight: 400;\">Foire d&rsquo;automne de Salmon Arm<\/span><\/li><li><span style=\"font-weight: 400;\">Association de baseball mineur de Salmon Arm<\/span><\/li><li><span style=\"font-weight: 400;\">Hockey des Silverbacks de Salmon Arm<\/span><\/li><li><span style=\"font-weight: 400;\">Club de natation Sockeye de Salmon Arm<\/span><\/li><li><span style=\"font-weight: 400;\">Hospice de Shuswap<\/span><\/li><li><span style=\"font-weight: 400;\">Fondation de l&rsquo;h\u00f4pital de Shuswap<\/span><\/li><li><span style=\"font-weight: 400;\">Recherche et sauvetage de Shuswap<\/span><\/li><li><span style=\"font-weight: 400;\">PAC de l&rsquo;\u00e9cole \u00e9l\u00e9mentaire de Sorrento<\/span><\/li><li><span style=\"font-weight: 400;\">Soci\u00e9t\u00e9 des services de sant\u00e9 du Sud Shuswap <\/span><span style=\"font-weight: 400;\">For\u00eats<\/span><\/li><\/ul>\t\t\t\t\t\t\t\t<\/div>\n\t\t\t\t<\/div>\n\t\t\t\t<\/div>\n\t\t\t\t<\/div>\n\t\t<div class=\"elementor-element elementor-element-455988a e-flex e-con-boxed e-con e-parent\" data-id=\"455988a\" data-element_type=\"container\" data-e-type=\"container\">\n\t\t\t\t\t<div class=\"e-con-inner\">\n\t\t<div class=\"elementor-element elementor-element-cc76d63 e-con-full animated-fast e-flex elementor-invisible e-con e-child\" data-id=\"cc76d63\" data-element_type=\"container\" data-e-type=\"container\" data-settings=\"{&quot;animation&quot;:&quot;slideInRight&quot;,&quot;animation_mobile&quot;:&quot;none&quot;}\">\n\t\t\t\t<div class=\"elementor-element elementor-element-2346275 elementor-widget elementor-widget-image\" data-id=\"2346275\" data-element_type=\"widget\" data-e-type=\"widget\" data-widget_type=\"image.default\">\n\t\t\t\t<div class=\"elementor-widget-container\">\n\t\t\t\t\t\t\t\t\t\t\t\t\t\t\t\t<a href=\"https:\/\/similkameenfp.com\/fr\/responsabilite-canoe\/departement-des-forets\/\">\n\t\t\t\t\t\t\t<img decoding=\"async\" width=\"1500\" height=\"800\" src=\"https:\/\/similkameenfp.com\/wp-content\/uploads\/2025\/11\/Gorman-Brothers-Slider-ForestManagement-1-1.jpg\" class=\"attachment-full size-full wp-image-7327\" alt=\"\" srcset=\"https:\/\/similkameenfp.com\/wp-content\/uploads\/2025\/11\/Gorman-Brothers-Slider-ForestManagement-1-1.jpg 1500w, https:\/\/similkameenfp.com\/wp-content\/uploads\/2025\/11\/Gorman-Brothers-Slider-ForestManagement-1-1-300x160.jpg 300w, https:\/\/similkameenfp.com\/wp-content\/uploads\/2025\/11\/Gorman-Brothers-Slider-ForestManagement-1-1-1024x546.jpg 1024w, https:\/\/similkameenfp.com\/wp-content\/uploads\/2025\/11\/Gorman-Brothers-Slider-ForestManagement-1-1-768x410.jpg 768w, https:\/\/similkameenfp.com\/wp-content\/uploads\/2025\/11\/Gorman-Brothers-Slider-ForestManagement-1-1-1200x640.jpg 1200w, https:\/\/similkameenfp.com\/wp-content\/uploads\/2025\/11\/Gorman-Brothers-Slider-ForestManagement-1-1-1400x747.jpg 1400w\" sizes=\"(max-width: 1500px) 100vw, 1500px\" \/>\t\t\t\t\t\t\t\t<\/a>\n\t\t\t\t\t\t\t\t\t\t\t\t\t\t\t<\/div>\n\t\t\t\t<\/div>\n\t\t\t\t<div class=\"elementor-element elementor-element-dc3dfa6 elementor-widget elementor-widget-heading\" data-id=\"dc3dfa6\" data-element_type=\"widget\" data-e-type=\"widget\" data-widget_type=\"heading.default\">\n\t\t\t\t<div class=\"elementor-widget-container\">\n\t\t\t\t\t<h2 class=\"elementor-heading-title elementor-size-default\"><a href=\"https:\/\/similkameenfp.com\/fr\/responsabilite-canoe\/departement-des-forets\/\">D\u00e9partement des for\u00eats<\/a><\/h2>\t\t\t\t<\/div>\n\t\t\t\t<\/div>\n\t\t\t\t<div class=\"elementor-element elementor-element-fa27720 elementor-widget elementor-widget-text-editor\" data-id=\"fa27720\" data-element_type=\"widget\" data-e-type=\"widget\" data-widget_type=\"text-editor.default\">\n\t\t\t\t<div class=\"elementor-widget-container\">\n\t\t\t\t\t\t\t\t\t<p><span style=\"font-weight: 400;\">Notre d\u00e9partement des for\u00eats pratique les plus hauts niveaux de gestion foresti\u00e8re, de planification foresti\u00e8re et de gestion environnementale, et est responsable devant le Forest Practices Board.<\/span><\/p>\t\t\t\t\t\t\t\t<\/div>\n\t\t\t\t<\/div>\n\t\t\t\t<\/div>\n\t\t<div class=\"elementor-element elementor-element-52334ee e-con-full e-flex elementor-invisible e-con e-child\" data-id=\"52334ee\" data-element_type=\"container\" data-e-type=\"container\" data-settings=\"{&quot;animation&quot;:&quot;slideInRight&quot;,&quot;animation_delay&quot;:200,&quot;animation_mobile&quot;:&quot;none&quot;}\">\n\t\t<div class=\"elementor-element elementor-element-e80b056 e-con-full animated-fast e-flex elementor-invisible e-con e-child\" data-id=\"e80b056\" data-element_type=\"container\" data-e-type=\"container\" data-settings=\"{&quot;animation&quot;:&quot;slideInRight&quot;,&quot;animation_mobile&quot;:&quot;none&quot;}\">\n\t\t\t\t<div class=\"elementor-element elementor-element-03a166b elementor-widget elementor-widget-image\" data-id=\"03a166b\" data-element_type=\"widget\" data-e-type=\"widget\" data-widget_type=\"image.default\">\n\t\t\t\t<div class=\"elementor-widget-container\">\n\t\t\t\t\t\t\t\t\t\t\t\t\t\t\t\t<a href=\"https:\/\/similkameenfp.com\/fr\/responsabilite-canoe\/efficacite-energetique\/\">\n\t\t\t\t\t\t\t<img loading=\"lazy\" decoding=\"async\" width=\"1500\" height=\"430\" src=\"https:\/\/similkameenfp.com\/wp-content\/uploads\/2025\/11\/Sun_crop-6-1500x430-1.jpg\" class=\"attachment-full size-full wp-image-7323\" alt=\"\" srcset=\"https:\/\/similkameenfp.com\/wp-content\/uploads\/2025\/11\/Sun_crop-6-1500x430-1.jpg 1500w, https:\/\/similkameenfp.com\/wp-content\/uploads\/2025\/11\/Sun_crop-6-1500x430-1-300x86.jpg 300w, https:\/\/similkameenfp.com\/wp-content\/uploads\/2025\/11\/Sun_crop-6-1500x430-1-1024x294.jpg 1024w, https:\/\/similkameenfp.com\/wp-content\/uploads\/2025\/11\/Sun_crop-6-1500x430-1-768x220.jpg 768w, https:\/\/similkameenfp.com\/wp-content\/uploads\/2025\/11\/Sun_crop-6-1500x430-1-1200x344.jpg 1200w, https:\/\/similkameenfp.com\/wp-content\/uploads\/2025\/11\/Sun_crop-6-1500x430-1-1400x401.jpg 1400w\" sizes=\"(max-width: 1500px) 100vw, 1500px\" \/>\t\t\t\t\t\t\t\t<\/a>\n\t\t\t\t\t\t\t\t\t\t\t\t\t\t\t<\/div>\n\t\t\t\t<\/div>\n\t\t\t\t<div class=\"elementor-element elementor-element-7c1ac92 elementor-widget elementor-widget-heading\" data-id=\"7c1ac92\" data-element_type=\"widget\" data-e-type=\"widget\" data-widget_type=\"heading.default\">\n\t\t\t\t<div class=\"elementor-widget-container\">\n\t\t\t\t\t<h2 class=\"elementor-heading-title elementor-size-default\"><a href=\"https:\/\/similkameenfp.com\/fr\/responsabilite-canoe\/efficacite-energetique\/\">Efficacit\u00e9 \u00e9nerg\u00e9tique<\/a><\/h2>\t\t\t\t<\/div>\n\t\t\t\t<\/div>\n\t\t\t\t<div class=\"elementor-element elementor-element-084b4ee elementor-widget elementor-widget-text-editor\" data-id=\"084b4ee\" data-element_type=\"widget\" data-e-type=\"widget\" data-widget_type=\"text-editor.default\">\n\t\t\t\t<div class=\"elementor-widget-container\">\n\t\t\t\t\t\t\t\t\t<p><span style=\"font-weight: 400;\">Cr\u00e9\u00e9 en partenariat avec BC Hydro, le Programme de gestion de l&rsquo;\u00e9nergie de Gorman Lumber a consid\u00e9rablement r\u00e9duit la consommation d&rsquo;\u00e9nergie dans toutes nos divisions.<\/span><\/p>\t\t\t\t\t\t\t\t<\/div>\n\t\t\t\t<\/div>\n\t\t\t\t<\/div>\n\t\t\t\t<\/div>\n\t\t<div class=\"elementor-element elementor-element-54d4816 e-con-full e-flex elementor-invisible e-con e-child\" data-id=\"54d4816\" data-element_type=\"container\" data-e-type=\"container\" data-settings=\"{&quot;animation&quot;:&quot;slideInRight&quot;,&quot;animation_delay&quot;:200,&quot;animation_mobile&quot;:&quot;none&quot;}\">\n\t\t\t\t<div class=\"elementor-element elementor-element-e6b2f2b elementor-widget elementor-widget-image\" data-id=\"e6b2f2b\" data-element_type=\"widget\" data-e-type=\"widget\" data-widget_type=\"image.default\">\n\t\t\t\t<div class=\"elementor-widget-container\">\n\t\t\t\t\t\t\t\t\t\t\t\t\t\t\t\t<a href=\"https:\/\/similkameenfp.com\/fr\/responsabilite-canoe\/gestion-ethique-de-la-chaine-dapprovisionnement\/\">\n\t\t\t\t\t\t\t<img loading=\"lazy\" decoding=\"async\" width=\"1950\" height=\"1060\" src=\"https:\/\/similkameenfp.com\/wp-content\/uploads\/2025\/11\/Screenshot-2025-11-19-at-4.16.56-PM.png\" class=\"attachment-full size-full wp-image-7279\" alt=\"\" srcset=\"https:\/\/similkameenfp.com\/wp-content\/uploads\/2025\/11\/Screenshot-2025-11-19-at-4.16.56-PM.png 1950w, https:\/\/similkameenfp.com\/wp-content\/uploads\/2025\/11\/Screenshot-2025-11-19-at-4.16.56-PM-300x163.png 300w, https:\/\/similkameenfp.com\/wp-content\/uploads\/2025\/11\/Screenshot-2025-11-19-at-4.16.56-PM-1024x557.png 1024w, https:\/\/similkameenfp.com\/wp-content\/uploads\/2025\/11\/Screenshot-2025-11-19-at-4.16.56-PM-768x417.png 768w, https:\/\/similkameenfp.com\/wp-content\/uploads\/2025\/11\/Screenshot-2025-11-19-at-4.16.56-PM-1536x835.png 1536w, https:\/\/similkameenfp.com\/wp-content\/uploads\/2025\/11\/Screenshot-2025-11-19-at-4.16.56-PM-1200x652.png 1200w, https:\/\/similkameenfp.com\/wp-content\/uploads\/2025\/11\/Screenshot-2025-11-19-at-4.16.56-PM-1400x761.png 1400w\" sizes=\"(max-width: 1950px) 100vw, 1950px\" \/>\t\t\t\t\t\t\t\t<\/a>\n\t\t\t\t\t\t\t\t\t\t\t\t\t\t\t<\/div>\n\t\t\t\t<\/div>\n\t\t\t\t<div class=\"elementor-element elementor-element-00fe536 elementor-widget elementor-widget-heading\" data-id=\"00fe536\" data-element_type=\"widget\" data-e-type=\"widget\" data-widget_type=\"heading.default\">\n\t\t\t\t<div class=\"elementor-widget-container\">\n\t\t\t\t\t<h2 class=\"elementor-heading-title elementor-size-default\"><a href=\"https:\/\/similkameenfp.com\/fr\/responsabilite-canoe\/gestion-ethique-de-la-chaine-dapprovisionnement\/\">Approvisionnement \u00e9thique<\/a><\/h2>\t\t\t\t<\/div>\n\t\t\t\t<\/div>\n\t\t\t\t<div class=\"elementor-element elementor-element-caba9e5 elementor-widget elementor-widget-text-editor\" data-id=\"caba9e5\" data-element_type=\"widget\" data-e-type=\"widget\" data-widget_type=\"text-editor.default\">\n\t\t\t\t<div class=\"elementor-widget-container\">\n\t\t\t\t\t\t\t\t\t<p><span style=\"font-weight: 400;\">Nous reconnaissons que le succ\u00e8s de notre entreprise va bien au-del\u00e0 de nos produits et s&rsquo;\u00e9tend aux normes \u00e9thiques que nous respectons. Garantir l&rsquo;absence de travail des enfants et de travail forc\u00e9 dans notre cha\u00eene d&rsquo;approvisionnement constitue un \u00e9l\u00e9ment fondamental de notre engagement envers une conduite commerciale responsable.<\/span><\/p>\t\t\t\t\t\t\t\t<\/div>\n\t\t\t\t<\/div>\n\t\t\t\t<\/div>\n\t\t\t\t\t<\/div>\n\t\t\t\t<\/div>\n\t\t<div class=\"elementor-element elementor-element-5217c1e e-flex e-con-boxed e-con e-parent\" data-id=\"5217c1e\" data-element_type=\"container\" data-e-type=\"container\" data-settings=\"{&quot;background_background&quot;:&quot;classic&quot;}\">\n\t\t\t\t\t<div class=\"e-con-inner\">\n\t\t\t\t<div class=\"elementor-element elementor-element-36497b4 elementor-widget__width-initial elementor-widget elementor-widget-heading\" data-id=\"36497b4\" data-element_type=\"widget\" data-e-type=\"widget\" data-settings=\"{&quot;_animation_mobile&quot;:&quot;none&quot;}\" data-widget_type=\"heading.default\">\n\t\t\t\t<div class=\"elementor-widget-container\">\n\t\t\t\t\t<h2 class=\"elementor-heading-title elementor-size-default\">Inscrivez-vous <br \/>\n<span>\u00e0 l\u2019infolettre.<\/span><\/h2>\t\t\t\t<\/div>\n\t\t\t\t<\/div>\n\t\t\t\t<div class=\"elementor-element elementor-element-ec0a651 elementor-widget__width-initial animated-fast elementor-invisible elementor-widget elementor-widget-text-editor\" data-id=\"ec0a651\" data-element_type=\"widget\" data-e-type=\"widget\" data-settings=\"{&quot;_animation&quot;:&quot;zoomIn&quot;,&quot;_animation_delay&quot;:150}\" data-widget_type=\"text-editor.default\">\n\t\t\t\t<div class=\"elementor-widget-container\">\n\t\t\t\t\t\t\t\t\t<span style=\"font-weight: 200;\">Envie de rester inform\u00e9? Inscrivez-vous \u00e0 notre infolettre et recevez directement dans votre bo\u00eete de r\u00e9ception des nouvelles passionnantes sur nos derniers produits, nos initiatives communautaires, ainsi que des mises \u00e0 jour sur notre entreprise. Ne manquez pas l&rsquo;occasion de faire partie de notre communaut\u00e9 dynamique. Rejoignez-nous d\u00e8s aujourd&rsquo;hui!<\/span>\t\t\t\t\t\t\t\t<\/div>\n\t\t\t\t<\/div>\n\t\t\t\t<div class=\"elementor-element elementor-element-e32a8a7 elementor-align-left elementor-widget__width-initial elementor-invisible elementor-widget elementor-widget-button\" data-id=\"e32a8a7\" data-element_type=\"widget\" data-e-type=\"widget\" data-settings=\"{&quot;_animation&quot;:&quot;slideInUp&quot;,&quot;_animation_mobile&quot;:&quot;none&quot;}\" data-widget_type=\"button.default\">\n\t\t\t\t<div class=\"elementor-widget-container\">\n\t\t\t\t\t\t\t\t\t<div class=\"elementor-button-wrapper\">\n\t\t\t\t\t<a class=\"elementor-button elementor-button-link elementor-size-sm\" href=\"#elementor-action%3Aaction%3Dpopup%3Aopen%26settings%3DeyJpZCI6Njk5MywidG9nZ2xlIjpmYWxzZX0%3D\">\n\t\t\t\t\t\t<span class=\"elementor-button-content-wrapper\">\n\t\t\t\t\t\t\t\t\t<span class=\"elementor-button-text\">S\u2019inscrire<\/span>\n\t\t\t\t\t<\/span>\n\t\t\t\t\t<\/a>\n\t\t\t\t<\/div>\n\t\t\t\t\t\t\t\t<\/div>\n\t\t\t\t<\/div>\n\t\t\t\t\t<\/div>\n\t\t\t\t<\/div>\n\t\t\t\t<\/div>\n\t\t","protected":false},"excerpt":{"rendered":"<p>Responsabilit\u00e9 Canoe Chez Produits forestiers Canoe, nous croyons fermement qu&rsquo;il est de notre devoir de soutenir les personnes, les communaut\u00e9s et les for\u00eats qui, en retour, nous soutiennent. Ce principe guide notre approche des affaires, allant de notre investissement dans la s\u00e9curit\u00e9 et l&rsquo;inclusion des employ\u00e9s \u00e0 notre engagement proactif envers les communaut\u00e9s autochtones, ainsi &hellip;<\/p>\n","protected":false},"author":1,"featured_media":0,"parent":0,"menu_order":0,"comment_status":"closed","ping_status":"closed","template":"elementor_header_footer","meta":{"_acf_changed":false,"_genesis_block_theme_hide_title":false,"footnotes":""},"class_list":["post-7408","page","type-page","status-publish","hentry","post","without-featured-image"],"acf":[],"featured_image_src":null,"featured_image_src_square":null,"_links":{"self":[{"href":"https:\/\/similkameenfp.com\/fr\/wp-json\/wp\/v2\/pages\/7408","targetHints":{"allow":["GET"]}}],"collection":[{"href":"https:\/\/similkameenfp.com\/fr\/wp-json\/wp\/v2\/pages"}],"about":[{"href":"https:\/\/similkameenfp.com\/fr\/wp-json\/wp\/v2\/types\/page"}],"author":[{"embeddable":true,"href":"https:\/\/similkameenfp.com\/fr\/wp-json\/wp\/v2\/users\/1"}],"replies":[{"embeddable":true,"href":"https:\/\/similkameenfp.com\/fr\/wp-json\/wp\/v2\/comments?post=7408"}],"version-history":[{"count":0,"href":"https:\/\/similkameenfp.com\/fr\/wp-json\/wp\/v2\/pages\/7408\/revisions"}],"wp:attachment":[{"href":"https:\/\/similkameenfp.com\/fr\/wp-json\/wp\/v2\/media?parent=7408"}],"curies":[{"name":"wp","href":"https:\/\/api.w.org\/{rel}","templated":true}]}}