{"id":7411,"date":"2025-06-17T17:56:46","date_gmt":"2025-06-17T17:56:46","guid":{"rendered":"https:\/\/canoefp.wpenginepowered.com\/?page_id=7411"},"modified":"2025-12-10T18:30:42","modified_gmt":"2025-12-10T18:30:42","slug":"plan-de-gestion-forestiere-canoe","status":"publish","type":"page","link":"https:\/\/similkameenfp.com\/fr\/responsabilite-canoe\/plan-de-gestion-forestiere-canoe\/","title":{"rendered":"Plan de gestion foresti\u00e8re Canoe"},"content":{"rendered":"\t\t<div data-elementor-type=\"wp-page\" data-elementor-id=\"7411\" class=\"elementor elementor-7411 elementor-2602\" data-elementor-post-type=\"page\">\n\t\t\t\t<div class=\"elementor-element elementor-element-333e01f e-flex e-con-boxed e-con e-parent\" data-id=\"333e01f\" data-element_type=\"container\" data-e-type=\"container\" data-settings=\"{&quot;background_background&quot;:&quot;classic&quot;}\">\n\t\t\t\t\t<div class=\"e-con-inner\">\n\t\t\t\t<div class=\"elementor-element elementor-element-1ce9379 elementor-invisible elementor-widget elementor-widget-heading\" data-id=\"1ce9379\" data-element_type=\"widget\" data-e-type=\"widget\" data-settings=\"{&quot;_animation&quot;:&quot;fadeInDown&quot;,&quot;_animation_mobile&quot;:&quot;none&quot;,&quot;_animation_delay&quot;:400}\" data-widget_type=\"heading.default\">\n\t\t\t\t<div class=\"elementor-widget-container\">\n\t\t\t\t\t<h2 class=\"elementor-heading-title elementor-size-default\">Plan de gestion foresti\u00e8re Canoe<\/h2>\t\t\t\t<\/div>\n\t\t\t\t<\/div>\n\t\t\t\t\t<\/div>\n\t\t\t\t<\/div>\n\t\t<div class=\"elementor-element elementor-element-1b05de3 e-con-full e-flex e-con e-parent\" data-id=\"1b05de3\" data-element_type=\"container\" data-e-type=\"container\">\n\t\t<div class=\"elementor-element elementor-element-46c5d24 e-con-full e-flex e-con e-child\" data-id=\"46c5d24\" data-element_type=\"container\" data-e-type=\"container\">\n\t\t\t\t<div class=\"elementor-element elementor-element-95de759 elementor-widget elementor-widget-image\" data-id=\"95de759\" data-element_type=\"widget\" data-e-type=\"widget\" data-widget_type=\"image.default\">\n\t\t\t\t<div class=\"elementor-widget-container\">\n\t\t\t\t\t\t\t\t\t\t\t\t\t\t\t<img fetchpriority=\"high\" decoding=\"async\" width=\"1024\" height=\"573\" src=\"https:\/\/similkameenfp.com\/wp-content\/uploads\/2025\/05\/Screenshot-2025-11-20-at-9.21.52-AM-1024x573.png\" class=\"attachment-large size-large wp-image-7292\" alt=\"\" srcset=\"https:\/\/similkameenfp.com\/wp-content\/uploads\/2025\/05\/Screenshot-2025-11-20-at-9.21.52-AM-1024x573.png 1024w, https:\/\/similkameenfp.com\/wp-content\/uploads\/2025\/05\/Screenshot-2025-11-20-at-9.21.52-AM-300x168.png 300w, https:\/\/similkameenfp.com\/wp-content\/uploads\/2025\/05\/Screenshot-2025-11-20-at-9.21.52-AM-768x430.png 768w, https:\/\/similkameenfp.com\/wp-content\/uploads\/2025\/05\/Screenshot-2025-11-20-at-9.21.52-AM-1536x860.png 1536w, https:\/\/similkameenfp.com\/wp-content\/uploads\/2025\/05\/Screenshot-2025-11-20-at-9.21.52-AM-1200x672.png 1200w, https:\/\/similkameenfp.com\/wp-content\/uploads\/2025\/05\/Screenshot-2025-11-20-at-9.21.52-AM-1400x784.png 1400w, https:\/\/similkameenfp.com\/wp-content\/uploads\/2025\/05\/Screenshot-2025-11-20-at-9.21.52-AM.png 1922w\" sizes=\"(max-width: 1024px) 100vw, 1024px\" \/>\t\t\t\t\t\t\t\t\t\t\t\t\t\t\t<\/div>\n\t\t\t\t<\/div>\n\t\t\t\t<\/div>\n\t\t<div class=\"elementor-element elementor-element-782fc35 e-con-full e-flex e-con e-child\" data-id=\"782fc35\" data-element_type=\"container\" data-e-type=\"container\">\n\t\t\t\t<div class=\"elementor-element elementor-element-c1256a5 elementor-widget__width-initial elementor-widget elementor-widget-heading\" data-id=\"c1256a5\" data-element_type=\"widget\" data-e-type=\"widget\" data-settings=\"{&quot;_animation_mobile&quot;:&quot;none&quot;}\" data-widget_type=\"heading.default\">\n\t\t\t\t<div class=\"elementor-widget-container\">\n\t\t\t\t\t<h2 class=\"elementor-heading-title elementor-size-default\">Un engagement envers \n\n<br \/>\n<span>l'avenir de nos for\u00eats.<\/span><\/h2>\t\t\t\t<\/div>\n\t\t\t\t<\/div>\n\t\t\t\t<div class=\"elementor-element elementor-element-369c111 elementor-widget__width-initial animated-fast elementor-invisible elementor-widget elementor-widget-text-editor\" data-id=\"369c111\" data-element_type=\"widget\" data-e-type=\"widget\" data-settings=\"{&quot;_animation&quot;:&quot;zoomIn&quot;,&quot;_animation_delay&quot;:150}\" data-widget_type=\"text-editor.default\">\n\t\t\t\t<div class=\"elementor-widget-container\">\n\t\t\t\t\t\t\t\t\t<p><span style=\"font-weight: 400;\">Nous travaillons en \u00e9troite collaboration avec divers groupes d&rsquo;int\u00e9r\u00eat, des communaut\u00e9s des Premi\u00e8res Nations et des parties prenantes de l&rsquo;industrie pour garantir que toutes nos op\u00e9rations, de la r\u00e9colte \u00e0 la replantation, soient pleinement engag\u00e9es dans une gestion foresti\u00e8re durable. Gr\u00e2ce \u00e0 une planification minutieuse au niveau du paysage et des op\u00e9rations, et en utilisant des m\u00e9thodes de r\u00e9colte adapt\u00e9es aux sites, nous pouvons g\u00e9rer l&rsquo;impact sur nos for\u00eats afin d&rsquo;assurer la sant\u00e9 des ressources en sol et en eau, tant maintenant que dans le futur.<\/span><\/p>\t\t\t\t\t\t\t\t<\/div>\n\t\t\t\t<\/div>\n\t\t\t\t<div class=\"elementor-element elementor-element-3784e98 elementor-widget__width-initial elementor-icon-list--layout-traditional elementor-list-item-link-full_width elementor-widget elementor-widget-icon-list\" data-id=\"3784e98\" data-element_type=\"widget\" data-e-type=\"widget\" data-widget_type=\"icon-list.default\">\n\t\t\t\t<div class=\"elementor-widget-container\">\n\t\t\t\t\t\t\t<ul class=\"elementor-icon-list-items\">\n\t\t\t\t\t\t\t<li class=\"elementor-icon-list-item\">\n\t\t\t\t\t\t\t\t\t\t\t<a href=\"https:\/\/fom.nrs.gov.bc.ca\/public\/projects\" download=\"\">\n\n\t\t\t\t\t\t\t\t\t\t\t\t<span class=\"elementor-icon-list-icon\">\n\t\t\t\t\t\t\t<svg aria-hidden=\"true\" class=\"e-font-icon-svg e-fas-external-link-alt\" viewBox=\"0 0 512 512\" xmlns=\"http:\/\/www.w3.org\/2000\/svg\"><path d=\"M432,320H400a16,16,0,0,0-16,16V448H64V128H208a16,16,0,0,0,16-16V80a16,16,0,0,0-16-16H48A48,48,0,0,0,0,112V464a48,48,0,0,0,48,48H400a48,48,0,0,0,48-48V336A16,16,0,0,0,432,320ZM488,0h-128c-21.37,0-32.05,25.91-17,41l35.73,35.73L135,320.37a24,24,0,0,0,0,34L157.67,377a24,24,0,0,0,34,0L435.28,133.32,471,169c15,15,41,4.5,41-17V24A24,24,0,0,0,488,0Z\"><\/path><\/svg>\t\t\t\t\t\t<\/span>\n\t\t\t\t\t\t\t\t\t\t<span class=\"elementor-icon-list-text\">Site Web provincial FOM<\/span>\n\t\t\t\t\t\t\t\t\t\t\t<\/a>\n\t\t\t\t\t\t\t\t\t<\/li>\n\t\t\t\t\t\t<\/ul>\n\t\t\t\t\t\t<\/div>\n\t\t\t\t<\/div>\n\t\t\t\t<\/div>\n\t\t\t\t<\/div>\n\t\t<div class=\"elementor-element elementor-element-f80c471 e-con-full e-flex e-con e-parent\" data-id=\"f80c471\" data-element_type=\"container\" data-e-type=\"container\" id=\"fsp-scroll\" data-settings=\"{&quot;background_background&quot;:&quot;classic&quot;}\">\n\t\t<div class=\"elementor-element elementor-element-3d3b08e e-con-full e-flex e-con e-child\" data-id=\"3d3b08e\" data-element_type=\"container\" data-e-type=\"container\">\n\t\t<div class=\"elementor-element elementor-element-5be33b3 e-con-full e-flex e-con e-child\" data-id=\"5be33b3\" data-element_type=\"container\" data-e-type=\"container\" data-settings=\"{&quot;background_background&quot;:&quot;classic&quot;}\">\n\t\t\t\t<div class=\"elementor-element elementor-element-764c802 elementor-widget__width-initial elementor-widget elementor-widget-heading\" data-id=\"764c802\" data-element_type=\"widget\" data-e-type=\"widget\" data-settings=\"{&quot;_animation_mobile&quot;:&quot;none&quot;}\" data-widget_type=\"heading.default\">\n\t\t\t\t<div class=\"elementor-widget-container\">\n\t\t\t\t\t<h2 class=\"elementor-heading-title elementor-size-default\"><span>Plan de gestion foresti\u00e8re Canoe.<\/span>\n<\/h2>\t\t\t\t<\/div>\n\t\t\t\t<\/div>\n\t\t\t\t<div class=\"elementor-element elementor-element-707b5eb elementor-widget__width-initial animated-fast elementor-invisible elementor-widget elementor-widget-text-editor\" data-id=\"707b5eb\" data-element_type=\"widget\" data-e-type=\"widget\" data-settings=\"{&quot;_animation&quot;:&quot;zoomIn&quot;,&quot;_animation_delay&quot;:150}\" data-widget_type=\"text-editor.default\">\n\t\t\t\t<div class=\"elementor-widget-container\">\n\t\t\t\t\t\t\t\t\t<p><span style=\"font-weight: 200;\">En tant que membre du groupe d&rsquo;entreprises Gorman, Produits forestiers Canoe s&rsquo;engage \u00e0 respecter le Plan de gestion foresti\u00e8re (PGF), qui est maintenant approuv\u00e9 et en vigueur jusqu&rsquo;au 30 septembre 2028. Le PGF est un plan requis par la Loi sur les pratiques foresti\u00e8res et des terres; plut\u00f4t que de proposer des blocs de r\u00e9colte et des routes individuels, le PGF pr\u00e9sente des unit\u00e9s de d\u00e9veloppement forestier g\u00e9n\u00e9rales pour lesquelles le titulaire de permis fait des engagements sous forme de r\u00e9sultats ou de strat\u00e9gies. Ces engagements doivent \u00eatre conformes aux objectifs de ressources \u00e9tablis par le gouvernement provincial.<\/span><\/p><p><br \/><span style=\"font-weight: 200;\">Pour aider le public \u00e0 mieux comprendre notre PGF, nous pr\u00e9parons une mise \u00e0 jour annuelle qui montre les blocs de r\u00e9colte et les routes propos\u00e9s. Pour t\u00e9l\u00e9charger une copie du PGF ou pour consulter les derniers d\u00e9veloppements propos\u00e9s, il suffit de suivre les liens ci-dessous. Les emplacements des blocs de r\u00e9colte et des routes propos\u00e9s sont disponibles sous forme de fichiers num\u00e9riques Google Earth.<\/span><\/p>\t\t\t\t\t\t\t\t<\/div>\n\t\t\t\t<\/div>\n\t\t\t\t<div class=\"elementor-element elementor-element-7bd862f elementor-widget__width-initial elementor-icon-list--layout-traditional elementor-list-item-link-full_width elementor-widget elementor-widget-icon-list\" data-id=\"7bd862f\" data-element_type=\"widget\" data-e-type=\"widget\" data-widget_type=\"icon-list.default\">\n\t\t\t\t<div class=\"elementor-widget-container\">\n\t\t\t\t\t\t\t<ul class=\"elementor-icon-list-items\">\n\t\t\t\t\t\t\t<li class=\"elementor-icon-list-item\">\n\t\t\t\t\t\t\t\t\t\t\t<a href=\"https:\/\/similkameenfp.com\/wp-content\/uploads\/2025\/08\/OkanaganShuswapFSP_2018.pdf\" download=\"\">\n\n\t\t\t\t\t\t\t\t\t\t\t\t<span class=\"elementor-icon-list-icon\">\n\t\t\t\t\t\t\t<svg aria-hidden=\"true\" class=\"e-font-icon-svg e-far-file-pdf\" viewBox=\"0 0 384 512\" xmlns=\"http:\/\/www.w3.org\/2000\/svg\"><path d=\"M369.9 97.9L286 14C277 5 264.8-.1 252.1-.1H48C21.5 0 0 21.5 0 48v416c0 26.5 21.5 48 48 48h288c26.5 0 48-21.5 48-48V131.9c0-12.7-5.1-25-14.1-34zM332.1 128H256V51.9l76.1 76.1zM48 464V48h160v104c0 13.3 10.7 24 24 24h104v288H48zm250.2-143.7c-12.2-12-47-8.7-64.4-6.5-17.2-10.5-28.7-25-36.8-46.3 3.9-16.1 10.1-40.6 5.4-56-4.2-26.2-37.8-23.6-42.6-5.9-4.4 16.1-.4 38.5 7 67.1-10 23.9-24.9 56-35.4 74.4-20 10.3-47 26.2-51 46.2-3.3 15.8 26 55.2 76.1-31.2 22.4-7.4 46.8-16.5 68.4-20.1 18.9 10.2 41 17 55.8 17 25.5 0 28-28.2 17.5-38.7zm-198.1 77.8c5.1-13.7 24.5-29.5 30.4-35-19 30.3-30.4 35.7-30.4 35zm81.6-190.6c7.4 0 6.7 32.1 1.8 40.8-4.4-13.9-4.3-40.8-1.8-40.8zm-24.4 136.6c9.7-16.9 18-37 24.7-54.7 8.3 15.1 18.9 27.2 30.1 35.5-20.8 4.3-38.9 13.1-54.8 19.2zm131.6-5s-5 6-37.3-7.8c35.1-2.6 40.9 5.4 37.3 7.8z\"><\/path><\/svg>\t\t\t\t\t\t<\/span>\n\t\t\t\t\t\t\t\t\t\t<span class=\"elementor-icon-list-text\">Plan de gestion foresti\u00e8re Canoe<\/span>\n\t\t\t\t\t\t\t\t\t\t\t<\/a>\n\t\t\t\t\t\t\t\t\t<\/li>\n\t\t\t\t\t\t\t\t<li class=\"elementor-icon-list-item\">\n\t\t\t\t\t\t\t\t\t\t\t<a href=\"https:\/\/similkameenfp.com\/wp-content\/uploads\/2025\/08\/OkanaganShuswapForestry.pdf\" download=\"\">\n\n\t\t\t\t\t\t\t\t\t\t\t\t<span class=\"elementor-icon-list-icon\">\n\t\t\t\t\t\t\t<svg aria-hidden=\"true\" class=\"e-font-icon-svg e-far-file-pdf\" viewBox=\"0 0 384 512\" xmlns=\"http:\/\/www.w3.org\/2000\/svg\"><path d=\"M369.9 97.9L286 14C277 5 264.8-.1 252.1-.1H48C21.5 0 0 21.5 0 48v416c0 26.5 21.5 48 48 48h288c26.5 0 48-21.5 48-48V131.9c0-12.7-5.1-25-14.1-34zM332.1 128H256V51.9l76.1 76.1zM48 464V48h160v104c0 13.3 10.7 24 24 24h104v288H48zm250.2-143.7c-12.2-12-47-8.7-64.4-6.5-17.2-10.5-28.7-25-36.8-46.3 3.9-16.1 10.1-40.6 5.4-56-4.2-26.2-37.8-23.6-42.6-5.9-4.4 16.1-.4 38.5 7 67.1-10 23.9-24.9 56-35.4 74.4-20 10.3-47 26.2-51 46.2-3.3 15.8 26 55.2 76.1-31.2 22.4-7.4 46.8-16.5 68.4-20.1 18.9 10.2 41 17 55.8 17 25.5 0 28-28.2 17.5-38.7zm-198.1 77.8c5.1-13.7 24.5-29.5 30.4-35-19 30.3-30.4 35.7-30.4 35zm81.6-190.6c7.4 0 6.7 32.1 1.8 40.8-4.4-13.9-4.3-40.8-1.8-40.8zm-24.4 136.6c9.7-16.9 18-37 24.7-54.7 8.3 15.1 18.9 27.2 30.1 35.5-20.8 4.3-38.9 13.1-54.8 19.2zm131.6-5s-5 6-37.3-7.8c35.1-2.6 40.9 5.4 37.3 7.8z\"><\/path><\/svg>\t\t\t\t\t\t<\/span>\n\t\t\t\t\t\t\t\t\t\t<span class=\"elementor-icon-list-text\">Gestion foresti\u00e8re Canoe<\/span>\n\t\t\t\t\t\t\t\t\t\t\t<\/a>\n\t\t\t\t\t\t\t\t\t<\/li>\n\t\t\t\t\t\t<\/ul>\n\t\t\t\t\t\t<\/div>\n\t\t\t\t<\/div>\n\t\t\t\t<\/div>\n\t\t<div class=\"elementor-element elementor-element-05f95a1 e-con-full e-flex e-con e-child\" data-id=\"05f95a1\" data-element_type=\"container\" data-e-type=\"container\">\n\t\t\t\t<div class=\"elementor-element elementor-element-8ce04de elementor-widget elementor-widget-image\" data-id=\"8ce04de\" data-element_type=\"widget\" data-e-type=\"widget\" data-widget_type=\"image.default\">\n\t\t\t\t<div class=\"elementor-widget-container\">\n\t\t\t\t\t\t\t\t\t\t\t\t\t\t\t<img decoding=\"async\" width=\"973\" height=\"1024\" src=\"https:\/\/similkameenfp.com\/wp-content\/uploads\/2025\/11\/Screenshot-2025-11-20-at-10.08.01-AM-973x1024.png\" class=\"attachment-large size-large wp-image-7347\" alt=\"\" srcset=\"https:\/\/similkameenfp.com\/wp-content\/uploads\/2025\/11\/Screenshot-2025-11-20-at-10.08.01-AM-973x1024.png 973w, https:\/\/similkameenfp.com\/wp-content\/uploads\/2025\/11\/Screenshot-2025-11-20-at-10.08.01-AM-285x300.png 285w, https:\/\/similkameenfp.com\/wp-content\/uploads\/2025\/11\/Screenshot-2025-11-20-at-10.08.01-AM-768x808.png 768w, https:\/\/similkameenfp.com\/wp-content\/uploads\/2025\/11\/Screenshot-2025-11-20-at-10.08.01-AM-300x316.png 300w, https:\/\/similkameenfp.com\/wp-content\/uploads\/2025\/11\/Screenshot-2025-11-20-at-10.08.01-AM.png 1028w\" sizes=\"(max-width: 973px) 100vw, 973px\" \/>\t\t\t\t\t\t\t\t\t\t\t\t\t\t\t<\/div>\n\t\t\t\t<\/div>\n\t\t\t\t<\/div>\n\t\t\t\t<\/div>\n\t\t\t\t<\/div>\n\t\t<div class=\"elementor-element elementor-element-17147fd e-con-full e-flex e-con e-parent\" data-id=\"17147fd\" data-element_type=\"container\" data-e-type=\"container\">\n\t\t<div class=\"elementor-element elementor-element-759705d e-con-full e-flex e-con e-child\" data-id=\"759705d\" data-element_type=\"container\" data-e-type=\"container\">\n\t\t\t\t<div class=\"elementor-element elementor-element-777c596 elementor-widget elementor-widget-image\" data-id=\"777c596\" data-element_type=\"widget\" data-e-type=\"widget\" data-widget_type=\"image.default\">\n\t\t\t\t<div class=\"elementor-widget-container\">\n\t\t\t\t\t\t\t\t\t\t\t\t\t\t\t<img decoding=\"async\" width=\"1024\" height=\"683\" src=\"https:\/\/similkameenfp.com\/wp-content\/uploads\/2025\/11\/iStock-1406860920-1-1024x683.jpg\" class=\"attachment-large size-large wp-image-7335\" alt=\"\" srcset=\"https:\/\/similkameenfp.com\/wp-content\/uploads\/2025\/11\/iStock-1406860920-1-1024x683.jpg 1024w, https:\/\/similkameenfp.com\/wp-content\/uploads\/2025\/11\/iStock-1406860920-1-300x200.jpg 300w, https:\/\/similkameenfp.com\/wp-content\/uploads\/2025\/11\/iStock-1406860920-1-768x512.jpg 768w, https:\/\/similkameenfp.com\/wp-content\/uploads\/2025\/11\/iStock-1406860920-1-600x400.jpg 600w, https:\/\/similkameenfp.com\/wp-content\/uploads\/2025\/11\/iStock-1406860920-1-1200x800.jpg 1200w, https:\/\/similkameenfp.com\/wp-content\/uploads\/2025\/11\/iStock-1406860920-1.jpg 1254w\" sizes=\"(max-width: 1024px) 100vw, 1024px\" \/>\t\t\t\t\t\t\t\t\t\t\t\t\t\t\t<\/div>\n\t\t\t\t<\/div>\n\t\t\t\t<\/div>\n\t\t<div class=\"elementor-element elementor-element-e6431d6 e-con-full e-flex e-con e-child\" data-id=\"e6431d6\" data-element_type=\"container\" data-e-type=\"container\">\n\t\t\t\t<div class=\"elementor-element elementor-element-2a26423 elementor-widget__width-initial elementor-widget elementor-widget-heading\" data-id=\"2a26423\" data-element_type=\"widget\" data-e-type=\"widget\" data-settings=\"{&quot;_animation_mobile&quot;:&quot;none&quot;}\" data-widget_type=\"heading.default\">\n\t\t\t\t<div class=\"elementor-widget-container\">\n\t\t\t\t\t<h2 class=\"elementor-heading-title elementor-size-default\">Plans de<br \/>\n<span>r\u00e9colte propos\u00e9s.<\/span><\/h2>\t\t\t\t<\/div>\n\t\t\t\t<\/div>\n\t\t\t\t<div class=\"elementor-element elementor-element-adf684b elementor-widget__width-initial animated-fast elementor-invisible elementor-widget elementor-widget-text-editor\" data-id=\"adf684b\" data-element_type=\"widget\" data-e-type=\"widget\" data-settings=\"{&quot;_animation&quot;:&quot;zoomIn&quot;,&quot;_animation_delay&quot;:150}\" data-widget_type=\"text-editor.default\">\n\t\t\t\t<div class=\"elementor-widget-container\">\n\t\t\t\t\t\t\t\t\t<p><span style=\"font-weight: 400;\">Nos plans de r\u00e9colte propos\u00e9s seront publi\u00e9s p\u00e9riodiquement sur les cartes des op\u00e9rations foresti\u00e8res, qui montrent les emplacements d\u00e9taill\u00e9s des blocs de r\u00e9colte et des routes pr\u00e9vues. Ces cartes peuvent \u00eatre consult\u00e9es sur le site Web provincial FOM. Les commentaires peuvent \u00eatre soumis via le site Web FOM pendant la p\u00e9riode de commentaires de 30 jours. Les commentaires \u00e9crits sur l&rsquo;une de nos activit\u00e9s de gestion foresti\u00e8re propos\u00e9es sont les bienvenus tout au long du processus de planification et de d\u00e9veloppement. Les commentaires peuvent \u00eatre envoy\u00e9s par courriel \u00e0: info@canoefp.com, ou adress\u00e9s au bureau principal, \u00e0 l&rsquo;attention de: For\u00eats.<\/span><\/p>\t\t\t\t\t\t\t\t<\/div>\n\t\t\t\t<\/div>\n\t\t\t\t<\/div>\n\t\t\t\t<\/div>\n\t\t<div class=\"elementor-element elementor-element-a7ce5fd e-flex e-con-boxed e-con e-parent\" data-id=\"a7ce5fd\" data-element_type=\"container\" data-e-type=\"container\" data-settings=\"{&quot;background_background&quot;:&quot;classic&quot;}\">\n\t\t\t\t\t<div class=\"e-con-inner\">\n\t\t\t\t<div class=\"elementor-element elementor-element-b48502f elementor-widget__width-initial elementor-widget elementor-widget-heading\" data-id=\"b48502f\" data-element_type=\"widget\" data-e-type=\"widget\" data-settings=\"{&quot;_animation_mobile&quot;:&quot;none&quot;}\" data-widget_type=\"heading.default\">\n\t\t\t\t<div class=\"elementor-widget-container\">\n\t\t\t\t\t<h2 class=\"elementor-heading-title elementor-size-default\">Inscrivez-vous <br \/>\n<span>\u00e0 l\u2019infolettre.<\/span><\/h2>\t\t\t\t<\/div>\n\t\t\t\t<\/div>\n\t\t\t\t<div class=\"elementor-element elementor-element-8699f72 elementor-widget__width-initial animated-fast elementor-invisible elementor-widget elementor-widget-text-editor\" data-id=\"8699f72\" data-element_type=\"widget\" data-e-type=\"widget\" data-settings=\"{&quot;_animation&quot;:&quot;zoomIn&quot;,&quot;_animation_delay&quot;:150}\" data-widget_type=\"text-editor.default\">\n\t\t\t\t<div class=\"elementor-widget-container\">\n\t\t\t\t\t\t\t\t\t<span style=\"font-weight: 200;\">Envie de rester inform\u00e9? Inscrivez-vous \u00e0 notre infolettre et recevez directement dans votre bo\u00eete de r\u00e9ception des nouvelles passionnantes sur nos derniers produits, nos initiatives communautaires, ainsi que des mises \u00e0 jour sur notre entreprise. Ne manquez pas l&rsquo;occasion de faire partie de notre communaut\u00e9 dynamique. Rejoignez-nous d\u00e8s aujourd&rsquo;hui!<\/span>\t\t\t\t\t\t\t\t<\/div>\n\t\t\t\t<\/div>\n\t\t\t\t<div class=\"elementor-element elementor-element-40f0bee elementor-align-left elementor-widget__width-initial elementor-invisible elementor-widget elementor-widget-button\" data-id=\"40f0bee\" data-element_type=\"widget\" data-e-type=\"widget\" data-settings=\"{&quot;_animation&quot;:&quot;slideInUp&quot;,&quot;_animation_mobile&quot;:&quot;none&quot;}\" data-widget_type=\"button.default\">\n\t\t\t\t<div class=\"elementor-widget-container\">\n\t\t\t\t\t\t\t\t\t<div class=\"elementor-button-wrapper\">\n\t\t\t\t\t<a class=\"elementor-button elementor-button-link elementor-size-sm\" href=\"#elementor-action%3Aaction%3Dpopup%3Aopen%26settings%3DeyJpZCI6Njk5MywidG9nZ2xlIjpmYWxzZX0%3D\">\n\t\t\t\t\t\t<span class=\"elementor-button-content-wrapper\">\n\t\t\t\t\t\t\t\t\t<span class=\"elementor-button-text\">S\u2019inscrire<\/span>\n\t\t\t\t\t<\/span>\n\t\t\t\t\t<\/a>\n\t\t\t\t<\/div>\n\t\t\t\t\t\t\t\t<\/div>\n\t\t\t\t<\/div>\n\t\t\t\t\t<\/div>\n\t\t\t\t<\/div>\n\t\t\t\t<\/div>\n\t\t","protected":false},"excerpt":{"rendered":"<p>Plan de gestion foresti\u00e8re Canoe Un engagement envers l&rsquo;avenir de nos for\u00eats. Nous travaillons en \u00e9troite collaboration avec divers groupes d&rsquo;int\u00e9r\u00eat, des communaut\u00e9s des Premi\u00e8res Nations et des parties prenantes de l&rsquo;industrie pour garantir que toutes nos op\u00e9rations, de la r\u00e9colte \u00e0 la replantation, soient pleinement engag\u00e9es dans une gestion foresti\u00e8re durable. Gr\u00e2ce \u00e0 une &hellip;<\/p>\n","protected":false},"author":1,"featured_media":0,"parent":7408,"menu_order":0,"comment_status":"closed","ping_status":"closed","template":"elementor_header_footer","meta":{"_acf_changed":false,"_genesis_block_theme_hide_title":false,"footnotes":""},"class_list":["post-7411","page","type-page","status-publish","hentry","post","without-featured-image"],"acf":[],"featured_image_src":null,"featured_image_src_square":null,"_links":{"self":[{"href":"https:\/\/similkameenfp.com\/fr\/wp-json\/wp\/v2\/pages\/7411","targetHints":{"allow":["GET"]}}],"collection":[{"href":"https:\/\/similkameenfp.com\/fr\/wp-json\/wp\/v2\/pages"}],"about":[{"href":"https:\/\/similkameenfp.com\/fr\/wp-json\/wp\/v2\/types\/page"}],"author":[{"embeddable":true,"href":"https:\/\/similkameenfp.com\/fr\/wp-json\/wp\/v2\/users\/1"}],"replies":[{"embeddable":true,"href":"https:\/\/similkameenfp.com\/fr\/wp-json\/wp\/v2\/comments?post=7411"}],"version-history":[{"count":0,"href":"https:\/\/similkameenfp.com\/fr\/wp-json\/wp\/v2\/pages\/7411\/revisions"}],"up":[{"embeddable":true,"href":"https:\/\/similkameenfp.com\/fr\/wp-json\/wp\/v2\/pages\/7408"}],"wp:attachment":[{"href":"https:\/\/similkameenfp.com\/fr\/wp-json\/wp\/v2\/media?parent=7411"}],"curies":[{"name":"wp","href":"https:\/\/api.w.org\/{rel}","templated":true}]}}