{"id":7413,"date":"2025-05-27T16:30:37","date_gmt":"2025-05-27T16:30:37","guid":{"rendered":"https:\/\/canoefp.wpenginepowered.com\/?page_id=7413"},"modified":"2025-12-10T18:37:42","modified_gmt":"2025-12-10T18:37:42","slug":"efficacite-energetique","status":"publish","type":"page","link":"https:\/\/similkameenfp.com\/fr\/responsabilite-canoe\/efficacite-energetique\/","title":{"rendered":"Efficacit\u00e9 \u00e9nerg\u00e9tique"},"content":{"rendered":"\t\t<div data-elementor-type=\"wp-page\" data-elementor-id=\"7413\" class=\"elementor elementor-7413 elementor-333\" data-elementor-post-type=\"page\">\n\t\t\t\t<div class=\"elementor-element elementor-element-333e01f e-flex e-con-boxed e-con e-parent\" data-id=\"333e01f\" data-element_type=\"container\" data-e-type=\"container\" data-settings=\"{&quot;background_background&quot;:&quot;classic&quot;}\">\n\t\t\t\t\t<div class=\"e-con-inner\">\n\t\t\t\t<div class=\"elementor-element elementor-element-1ce9379 elementor-invisible elementor-widget elementor-widget-heading\" data-id=\"1ce9379\" data-element_type=\"widget\" data-e-type=\"widget\" data-settings=\"{&quot;_animation&quot;:&quot;fadeInDown&quot;,&quot;_animation_mobile&quot;:&quot;none&quot;,&quot;_animation_delay&quot;:400}\" data-widget_type=\"heading.default\">\n\t\t\t\t<div class=\"elementor-widget-container\">\n\t\t\t\t\t<h2 class=\"elementor-heading-title elementor-size-default\">Efficacit\u00e9 \u00e9nerg\u00e9tique<\/h2>\t\t\t\t<\/div>\n\t\t\t\t<\/div>\n\t\t\t\t<div class=\"elementor-element elementor-element-8bb1d9c elementor-widget__width-initial elementor-widget-mobile__width-inherit elementor-widget-tablet__width-inherit elementor-invisible elementor-widget elementor-widget-text-editor\" data-id=\"8bb1d9c\" data-element_type=\"widget\" data-e-type=\"widget\" data-settings=\"{&quot;_animation&quot;:&quot;fadeInDown&quot;,&quot;_animation_mobile&quot;:&quot;none&quot;,&quot;_animation_delay&quot;:200}\" data-widget_type=\"text-editor.default\">\n\t\t\t\t<div class=\"elementor-widget-container\">\n\t\t\t\t\t\t\t\t\t<span style=\"font-weight: 200;\">Nous sommes fiers d&rsquo;\u00eatre \u00e0 la pointe de la r\u00e9duction de la consommation d&rsquo;\u00e9nergie.\n<\/span>\t\t\t\t\t\t\t\t<\/div>\n\t\t\t\t<\/div>\n\t\t\t\t\t<\/div>\n\t\t\t\t<\/div>\n\t\t<div class=\"elementor-element elementor-element-737f610 e-con-full e-flex e-con e-parent\" data-id=\"737f610\" data-element_type=\"container\" data-e-type=\"container\">\n\t\t\t\t<div class=\"elementor-element elementor-element-d437ec3 elementor-widget elementor-widget-bt-text-left-dark\" data-id=\"d437ec3\" data-element_type=\"widget\" data-e-type=\"widget\" data-widget_type=\"bt-text-left-dark.default\">\n\t\t\t\t<div class=\"elementor-widget-container\">\n\t\t\t\t\t        <div class=\"bt-text-left-dark\">\n            <div class=\"content-wrapper\">\n                <div class=\"text-content\">\n                                            <h2 class=\"title\">\n                                                            Le Programme de gestion de l&#039;\u00e9nergie Gorman                                                                                <\/h2>\n                    \n                                            <div class=\"content\">\n                            <span style=\"font-weight: 200\">Produits forestiers Canoe, en tant que membre du Groupe Gorman, s'engage \u00e0 am\u00e9liorer l'efficacit\u00e9 \u00e9nerg\u00e9tique et \u00e0 r\u00e9duire les \u00e9missions de gaz \u00e0 effet de serre (GES) dans l'ensemble de nos op\u00e9rations. Nous nous effor\u00e7ons continuellement de:<\/span>\n<ul>\n \t<li><span style=\"font-weight: 200\">R\u00e9duire la consommation d'\u00e9nergie d'une ann\u00e9e \u00e0 l'autre dans chaque division.<\/span><\/li>\n \t<li><span style=\"font-weight: 200\">Identifier et agir sur les opportunit\u00e9s d'\u00e9lectrification \u00e0 faible carbone, de r\u00e9duction des combustibles fossiles, de d\u00e9placement de charge et d'efficacit\u00e9 \u00e9nerg\u00e9tique.<\/span><\/li>\n \t<li><span style=\"font-weight: 200\">Fournir des sous-produits renouvelables pour contribuer \u00e0 maximiser la production d'\u00e9nergie propre, tant localement qu'\u00e0 l'\u00e9chelle mondiale.<\/span><\/li>\n<\/ul>\n<span style=\"font-weight: 200\">Nous participons au programme de gestion strat\u00e9gique de l'\u00e9nergie (SEM) de BC Hydro depuis 2010 et avons \u00e9galement rejoint le programme SEM de FortisBC en 2023, poursuivant ainsi la sensibilisation \u00e0 l'\u00e9nergie dans toutes nos op\u00e9rations au sein de chaque communaut\u00e9. Au fil des ans, de nombreux projets et initiatives d'am\u00e9lioration de l'efficacit\u00e9 \u00e9nerg\u00e9tique ont \u00e9t\u00e9 mis en \u0153uvre, et beaucoup d'autres sont pr\u00e9vus.<\/span>\n\n<span style=\"font-weight: 200\">Dans chaque division participante du Groupe Gorman, nous continuerons \u00e0 travailler \u00e0:<\/span>\n<ul>\n \t<li><span style=\"font-weight: 200\">L'\u00e9valuation des processus existants et futurs pour identifier les am\u00e9liorations en mati\u00e8re d'efficacit\u00e9 et de production.<\/span><\/li>\n \t<li><span style=\"font-weight: 200\">L'investissement dans des technologies \u00e9co\u00e9nerg\u00e9tiques pour am\u00e9liorer l'efficacit\u00e9 de la fabrication et r\u00e9duire les \u00e9missions.<\/span><\/li>\n \t<li><span style=\"font-weight: 200\">Le suivi et la surveillance de la consommation d'\u00e9nergie, l'identification des tendances et des domaines \u00e0 am\u00e9liorer.<\/span><\/li>\n \t<li><span style=\"font-weight: 200\">La collaboration avec les fournisseurs et les partenaires pour favoriser et promouvoir des pratiques \u00e9co\u00e9nerg\u00e9tiques tout au long de la cha\u00eene d'approvisionnement.<\/span><\/li>\n<\/ul>                        <\/div>\n                                    <\/div>\n                <div class=\"box-image\">\n                    <div class=\"image-top\">\n                                                    <img fetchpriority=\"high\" decoding=\"async\" width=\"1200\" height=\"1390\" src=\"https:\/\/similkameenfp.com\/wp-content\/uploads\/2025\/11\/energy-bbq.jpg\" class=\"attachment-full size-full wp-image-7338\" alt=\"\" srcset=\"https:\/\/similkameenfp.com\/wp-content\/uploads\/2025\/11\/energy-bbq.jpg 1200w, https:\/\/similkameenfp.com\/wp-content\/uploads\/2025\/11\/energy-bbq-259x300.jpg 259w, https:\/\/similkameenfp.com\/wp-content\/uploads\/2025\/11\/energy-bbq-884x1024.jpg 884w, https:\/\/similkameenfp.com\/wp-content\/uploads\/2025\/11\/energy-bbq-768x890.jpg 768w, https:\/\/similkameenfp.com\/wp-content\/uploads\/2025\/11\/energy-bbq-300x348.jpg 300w\" sizes=\"(max-width: 1200px) 100vw, 1200px\" \/>                                            <\/div>\n                    <div class=\"image-bottom\">\n                                                    <img decoding=\"async\" width=\"1964\" height=\"1074\" src=\"https:\/\/similkameenfp.com\/wp-content\/uploads\/2025\/11\/Screenshot-2025-11-19-at-4.19.47-PM.png\" class=\"attachment-full size-full wp-image-7287\" alt=\"\" srcset=\"https:\/\/similkameenfp.com\/wp-content\/uploads\/2025\/11\/Screenshot-2025-11-19-at-4.19.47-PM.png 1964w, https:\/\/similkameenfp.com\/wp-content\/uploads\/2025\/11\/Screenshot-2025-11-19-at-4.19.47-PM-300x164.png 300w, https:\/\/similkameenfp.com\/wp-content\/uploads\/2025\/11\/Screenshot-2025-11-19-at-4.19.47-PM-1024x560.png 1024w, https:\/\/similkameenfp.com\/wp-content\/uploads\/2025\/11\/Screenshot-2025-11-19-at-4.19.47-PM-768x420.png 768w, https:\/\/similkameenfp.com\/wp-content\/uploads\/2025\/11\/Screenshot-2025-11-19-at-4.19.47-PM-1536x840.png 1536w, https:\/\/similkameenfp.com\/wp-content\/uploads\/2025\/11\/Screenshot-2025-11-19-at-4.19.47-PM-1200x656.png 1200w, https:\/\/similkameenfp.com\/wp-content\/uploads\/2025\/11\/Screenshot-2025-11-19-at-4.19.47-PM-1400x766.png 1400w\" sizes=\"(max-width: 1964px) 100vw, 1964px\" \/>                                            <\/div>\n                <\/div>\n            <\/div>\n        <\/div>\n\t\t\t\t<\/div>\n\t\t\t\t<\/div>\n\t\t\t\t<\/div>\n\t\t<div class=\"elementor-element elementor-element-751c113 e-flex e-con-boxed e-con e-parent\" data-id=\"751c113\" data-element_type=\"container\" data-e-type=\"container\" data-settings=\"{&quot;background_background&quot;:&quot;classic&quot;}\">\n\t\t\t\t\t<div class=\"e-con-inner\">\n\t\t\t\t<div class=\"elementor-element elementor-element-785f18d elementor-widget__width-initial elementor-widget elementor-widget-heading\" data-id=\"785f18d\" data-element_type=\"widget\" data-e-type=\"widget\" data-settings=\"{&quot;_animation_mobile&quot;:&quot;none&quot;}\" data-widget_type=\"heading.default\">\n\t\t\t\t<div class=\"elementor-widget-container\">\n\t\t\t\t\t<h2 class=\"elementor-heading-title elementor-size-default\">Inscrivez-vous <br \/>\n<span>\u00e0 l\u2019infolettre.<\/span><\/h2>\t\t\t\t<\/div>\n\t\t\t\t<\/div>\n\t\t\t\t<div class=\"elementor-element elementor-element-f26549f elementor-widget__width-initial animated-fast elementor-invisible elementor-widget elementor-widget-text-editor\" data-id=\"f26549f\" data-element_type=\"widget\" data-e-type=\"widget\" data-settings=\"{&quot;_animation&quot;:&quot;zoomIn&quot;,&quot;_animation_delay&quot;:150}\" data-widget_type=\"text-editor.default\">\n\t\t\t\t<div class=\"elementor-widget-container\">\n\t\t\t\t\t\t\t\t\t<span style=\"font-weight: 200;\">Envie de rester inform\u00e9? Inscrivez-vous \u00e0 notre infolettre et recevez directement dans votre bo\u00eete de r\u00e9ception des nouvelles passionnantes sur nos derniers produits, nos initiatives communautaires, ainsi que des mises \u00e0 jour sur notre entreprise. Ne manquez pas l&rsquo;occasion de faire partie de notre communaut\u00e9 dynamique. Rejoignez-nous d\u00e8s aujourd&rsquo;hui!<\/span>\t\t\t\t\t\t\t\t<\/div>\n\t\t\t\t<\/div>\n\t\t\t\t<div class=\"elementor-element elementor-element-3e3a576 elementor-align-left elementor-widget__width-initial elementor-invisible elementor-widget elementor-widget-button\" data-id=\"3e3a576\" data-element_type=\"widget\" data-e-type=\"widget\" data-settings=\"{&quot;_animation&quot;:&quot;slideInUp&quot;,&quot;_animation_mobile&quot;:&quot;none&quot;}\" data-widget_type=\"button.default\">\n\t\t\t\t<div class=\"elementor-widget-container\">\n\t\t\t\t\t\t\t\t\t<div class=\"elementor-button-wrapper\">\n\t\t\t\t\t<a class=\"elementor-button elementor-button-link elementor-size-sm\" href=\"#elementor-action%3Aaction%3Dpopup%3Aopen%26settings%3DeyJpZCI6Njk5MywidG9nZ2xlIjpmYWxzZX0%3D\">\n\t\t\t\t\t\t<span class=\"elementor-button-content-wrapper\">\n\t\t\t\t\t\t\t\t\t<span class=\"elementor-button-text\">S\u2019inscrire<\/span>\n\t\t\t\t\t<\/span>\n\t\t\t\t\t<\/a>\n\t\t\t\t<\/div>\n\t\t\t\t\t\t\t\t<\/div>\n\t\t\t\t<\/div>\n\t\t\t\t\t<\/div>\n\t\t\t\t<\/div>\n\t\t\t\t<\/div>\n\t\t","protected":false},"excerpt":{"rendered":"<p>Efficacit\u00e9 \u00e9nerg\u00e9tique Nous sommes fiers d&rsquo;\u00eatre \u00e0 la pointe de la r\u00e9duction de la consommation d&rsquo;\u00e9nergie. Le Programme de gestion de l&#039;\u00e9nergie Gorman Produits forestiers Canoe, en tant que membre du Groupe Gorman, s&rsquo;engage \u00e0 am\u00e9liorer l&rsquo;efficacit\u00e9 \u00e9nerg\u00e9tique et \u00e0 r\u00e9duire les \u00e9missions de gaz \u00e0 effet de serre (GES) dans l&rsquo;ensemble de nos op\u00e9rations. &hellip;<\/p>\n","protected":false},"author":1,"featured_media":0,"parent":7408,"menu_order":0,"comment_status":"closed","ping_status":"closed","template":"elementor_header_footer","meta":{"_acf_changed":false,"_genesis_block_theme_hide_title":false,"footnotes":""},"class_list":["post-7413","page","type-page","status-publish","hentry","post","without-featured-image"],"acf":[],"featured_image_src":null,"featured_image_src_square":null,"_links":{"self":[{"href":"https:\/\/similkameenfp.com\/fr\/wp-json\/wp\/v2\/pages\/7413","targetHints":{"allow":["GET"]}}],"collection":[{"href":"https:\/\/similkameenfp.com\/fr\/wp-json\/wp\/v2\/pages"}],"about":[{"href":"https:\/\/similkameenfp.com\/fr\/wp-json\/wp\/v2\/types\/page"}],"author":[{"embeddable":true,"href":"https:\/\/similkameenfp.com\/fr\/wp-json\/wp\/v2\/users\/1"}],"replies":[{"embeddable":true,"href":"https:\/\/similkameenfp.com\/fr\/wp-json\/wp\/v2\/comments?post=7413"}],"version-history":[{"count":0,"href":"https:\/\/similkameenfp.com\/fr\/wp-json\/wp\/v2\/pages\/7413\/revisions"}],"up":[{"embeddable":true,"href":"https:\/\/similkameenfp.com\/fr\/wp-json\/wp\/v2\/pages\/7408"}],"wp:attachment":[{"href":"https:\/\/similkameenfp.com\/fr\/wp-json\/wp\/v2\/media?parent=7413"}],"curies":[{"name":"wp","href":"https:\/\/api.w.org\/{rel}","templated":true}]}}