{"id":7415,"date":"2025-05-27T16:34:13","date_gmt":"2025-05-27T16:34:13","guid":{"rendered":"https:\/\/canoefp.wpenginepowered.com\/?page_id=7415"},"modified":"2025-12-10T18:47:04","modified_gmt":"2025-12-10T18:47:04","slug":"gestion-ethique-de-la-chaine-dapprovisionnement","status":"publish","type":"page","link":"https:\/\/similkameenfp.com\/fr\/responsabilite-canoe\/gestion-ethique-de-la-chaine-dapprovisionnement\/","title":{"rendered":"Gestion \u00e9thique de la cha\u00eene d&rsquo;approvisionnement"},"content":{"rendered":"\t\t<div data-elementor-type=\"wp-page\" data-elementor-id=\"7415\" class=\"elementor elementor-7415 elementor-334\" data-elementor-post-type=\"page\">\n\t\t\t\t<div class=\"elementor-element elementor-element-333e01f e-flex e-con-boxed e-con e-parent\" data-id=\"333e01f\" data-element_type=\"container\" data-e-type=\"container\" data-settings=\"{&quot;background_background&quot;:&quot;classic&quot;}\">\n\t\t\t\t\t<div class=\"e-con-inner\">\n\t\t\t\t<div class=\"elementor-element elementor-element-1ce9379 elementor-invisible elementor-widget elementor-widget-heading\" data-id=\"1ce9379\" data-element_type=\"widget\" data-e-type=\"widget\" data-settings=\"{&quot;_animation&quot;:&quot;fadeInDown&quot;,&quot;_animation_mobile&quot;:&quot;none&quot;,&quot;_animation_delay&quot;:400}\" data-widget_type=\"heading.default\">\n\t\t\t\t<div class=\"elementor-widget-container\">\n\t\t\t\t\t<h2 class=\"elementor-heading-title elementor-size-default\">Gestion \u00e9thique de la cha\u00eene d'approvisionnement<\/h2>\t\t\t\t<\/div>\n\t\t\t\t<\/div>\n\t\t\t\t<div class=\"elementor-element elementor-element-8bb1d9c elementor-widget__width-initial elementor-widget-tablet__width-inherit elementor-widget-mobile__width-inherit elementor-invisible elementor-widget elementor-widget-text-editor\" data-id=\"8bb1d9c\" data-element_type=\"widget\" data-e-type=\"widget\" data-settings=\"{&quot;_animation&quot;:&quot;fadeInDown&quot;,&quot;_animation_mobile&quot;:&quot;none&quot;,&quot;_animation_delay&quot;:200}\" data-widget_type=\"text-editor.default\">\n\t\t\t\t<div class=\"elementor-widget-container\">\n\t\t\t\t\t\t\t\t\t<p><span style=\"font-weight: 400;\">Nous nous engageons \u00e0 respecter les normes les plus \u00e9lev\u00e9es en mati\u00e8re de conduite \u00e9thique<\/span><\/p>\t\t\t\t\t\t\t\t<\/div>\n\t\t\t\t<\/div>\n\t\t\t\t\t<\/div>\n\t\t\t\t<\/div>\n\t\t<div class=\"elementor-element elementor-element-b6d6d64 e-con-full e-flex e-con e-parent\" data-id=\"b6d6d64\" data-element_type=\"container\" data-e-type=\"container\" id=\"section-plan\" data-settings=\"{&quot;background_background&quot;:&quot;classic&quot;}\">\n\t\t<div class=\"elementor-element elementor-element-0360d35 e-con-full e-flex e-con e-child\" data-id=\"0360d35\" data-element_type=\"container\" data-e-type=\"container\">\n\t\t<div class=\"elementor-element elementor-element-adc1531 e-con-full e-flex e-con e-child\" data-id=\"adc1531\" data-element_type=\"container\" data-e-type=\"container\" data-settings=\"{&quot;background_background&quot;:&quot;classic&quot;}\">\n\t\t\t\t<div class=\"elementor-element elementor-element-0c3cbf4 elementor-widget__width-initial elementor-widget elementor-widget-heading\" data-id=\"0c3cbf4\" data-element_type=\"widget\" data-e-type=\"widget\" data-settings=\"{&quot;_animation_mobile&quot;:&quot;none&quot;}\" data-widget_type=\"heading.default\">\n\t\t\t\t<div class=\"elementor-widget-container\">\n\t\t\t\t\t<h2 class=\"elementor-heading-title elementor-size-default\"><span>Nous nous assurons que votre cha\u00eene d'approvisionnement demeure exempt\u00e9s de travail des enfants et de travail forc\u00e9.<\/span><\/h2>\t\t\t\t<\/div>\n\t\t\t\t<\/div>\n\t\t\t\t<div class=\"elementor-element elementor-element-8389ba2 elementor-widget__width-initial animated-fast elementor-invisible elementor-widget elementor-widget-text-editor\" data-id=\"8389ba2\" data-element_type=\"widget\" data-e-type=\"widget\" data-settings=\"{&quot;_animation&quot;:&quot;zoomIn&quot;,&quot;_animation_delay&quot;:150}\" data-widget_type=\"text-editor.default\">\n\t\t\t\t<div class=\"elementor-widget-container\">\n\t\t\t\t\t\t\t\t\t<p><strong>L&rsquo;approvisionnement \u00e9thique est la responsabilit\u00e9 de tous.<\/strong><\/p><p><span style=\"font-weight: 200;\">Chez Produits forestiers Canoe, nous reconnaissons que le succ\u00e8s de notre entreprise d\u00e9passe nos produits et englobe les normes \u00e9thiques que nous d\u00e9fendons. Garantir l&rsquo;absence de travail des enfants et de travail forc\u00e9 dans notre cha\u00eene d&rsquo;approvisionnement constitue un aspect fondamental de notre engagement envers une conduite commerciale responsable. Nous attendons de nos gestionnaires, superviseurs et employ\u00e9s qu&rsquo;ils respectent ces valeurs et participent activement au maintien d&rsquo;une cha\u00eene d&rsquo;approvisionnement \u00e9thique.<\/span><\/p><p><strong>L&rsquo;\u00e9valuation continue des risques est notre priorit\u00e9.<\/strong><\/p><p><span style=\"font-weight: 200;\">Nous effectuons des \u00e9valuations approfondies pour identifier et att\u00e9nuer les risques de travail des enfants et de travail forc\u00e9 au sein de nos activit\u00e9s et de nos cha\u00eenes d&rsquo;approvisionnement. Cette approche proactive implique des \u00e9valuations internes, l&rsquo;engagement des parties prenantes et un examen diligent des pratiques des fournisseurs. Notre objectif est de pr\u00e9venir toute pratique non \u00e9thique avant qu&rsquo;elle ne se produise, en veillant \u00e0 ce que nos op\u00e9rations et celles de nos partenaires respectent les normes \u00e9thiques les plus strictes.<\/span><\/p>\t\t\t\t\t\t\t\t<\/div>\n\t\t\t\t<\/div>\n\t\t\t\t<div class=\"elementor-element elementor-element-d261570 elementor-widget__width-initial elementor-icon-list--layout-traditional elementor-list-item-link-full_width elementor-widget elementor-widget-icon-list\" data-id=\"d261570\" data-element_type=\"widget\" data-e-type=\"widget\" data-widget_type=\"icon-list.default\">\n\t\t\t\t<div class=\"elementor-widget-container\">\n\t\t\t\t\t\t\t<ul class=\"elementor-icon-list-items\">\n\t\t\t\t\t\t\t<li class=\"elementor-icon-list-item\">\n\t\t\t\t\t\t\t\t\t\t\t<a href=\"https:\/\/similkameenfp.com\/wp-content\/uploads\/2025\/06\/2025-Annual-Report-on-Forced-Labour-and-Child-Labour-Compliance-Gorman-Group.pdf\" download=\"\">\n\n\t\t\t\t\t\t\t\t\t\t\t\t<span class=\"elementor-icon-list-icon\">\n\t\t\t\t\t\t\t<svg aria-hidden=\"true\" class=\"e-font-icon-svg e-far-file-pdf\" viewBox=\"0 0 384 512\" xmlns=\"http:\/\/www.w3.org\/2000\/svg\"><path d=\"M369.9 97.9L286 14C277 5 264.8-.1 252.1-.1H48C21.5 0 0 21.5 0 48v416c0 26.5 21.5 48 48 48h288c26.5 0 48-21.5 48-48V131.9c0-12.7-5.1-25-14.1-34zM332.1 128H256V51.9l76.1 76.1zM48 464V48h160v104c0 13.3 10.7 24 24 24h104v288H48zm250.2-143.7c-12.2-12-47-8.7-64.4-6.5-17.2-10.5-28.7-25-36.8-46.3 3.9-16.1 10.1-40.6 5.4-56-4.2-26.2-37.8-23.6-42.6-5.9-4.4 16.1-.4 38.5 7 67.1-10 23.9-24.9 56-35.4 74.4-20 10.3-47 26.2-51 46.2-3.3 15.8 26 55.2 76.1-31.2 22.4-7.4 46.8-16.5 68.4-20.1 18.9 10.2 41 17 55.8 17 25.5 0 28-28.2 17.5-38.7zm-198.1 77.8c5.1-13.7 24.5-29.5 30.4-35-19 30.3-30.4 35.7-30.4 35zm81.6-190.6c7.4 0 6.7 32.1 1.8 40.8-4.4-13.9-4.3-40.8-1.8-40.8zm-24.4 136.6c9.7-16.9 18-37 24.7-54.7 8.3 15.1 18.9 27.2 30.1 35.5-20.8 4.3-38.9 13.1-54.8 19.2zm131.6-5s-5 6-37.3-7.8c35.1-2.6 40.9 5.4 37.3 7.8z\"><\/path><\/svg>\t\t\t\t\t\t<\/span>\n\t\t\t\t\t\t\t\t\t\t<span class=\"elementor-icon-list-text\">Politique sur le travail des enfants<\/span>\n\t\t\t\t\t\t\t\t\t\t\t<\/a>\n\t\t\t\t\t\t\t\t\t<\/li>\n\t\t\t\t\t\t<\/ul>\n\t\t\t\t\t\t<\/div>\n\t\t\t\t<\/div>\n\t\t\t\t<\/div>\n\t\t<div class=\"elementor-element elementor-element-04b4894 e-con-full e-flex e-con e-child\" data-id=\"04b4894\" data-element_type=\"container\" data-e-type=\"container\">\n\t\t\t\t<div class=\"elementor-element elementor-element-eb51225 elementor-widget elementor-widget-image\" data-id=\"eb51225\" data-element_type=\"widget\" data-e-type=\"widget\" data-widget_type=\"image.default\">\n\t\t\t\t<div class=\"elementor-widget-container\">\n\t\t\t\t\t\t\t\t\t\t\t\t\t\t\t<img fetchpriority=\"high\" decoding=\"async\" width=\"959\" height=\"1024\" src=\"https:\/\/similkameenfp.com\/wp-content\/uploads\/2025\/11\/Screenshot-2025-11-20-at-10.11.50-AM-959x1024.png\" class=\"attachment-large size-large wp-image-7351\" alt=\"\" srcset=\"https:\/\/similkameenfp.com\/wp-content\/uploads\/2025\/11\/Screenshot-2025-11-20-at-10.11.50-AM-959x1024.png 959w, https:\/\/similkameenfp.com\/wp-content\/uploads\/2025\/11\/Screenshot-2025-11-20-at-10.11.50-AM-281x300.png 281w, https:\/\/similkameenfp.com\/wp-content\/uploads\/2025\/11\/Screenshot-2025-11-20-at-10.11.50-AM-768x820.png 768w, https:\/\/similkameenfp.com\/wp-content\/uploads\/2025\/11\/Screenshot-2025-11-20-at-10.11.50-AM-300x320.png 300w, https:\/\/similkameenfp.com\/wp-content\/uploads\/2025\/11\/Screenshot-2025-11-20-at-10.11.50-AM.png 998w\" sizes=\"(max-width: 959px) 100vw, 959px\" \/>\t\t\t\t\t\t\t\t\t\t\t\t\t\t\t<\/div>\n\t\t\t\t<\/div>\n\t\t\t\t<\/div>\n\t\t\t\t<\/div>\n\t\t\t\t<\/div>\n\t\t<div class=\"elementor-element elementor-element-8ba3e98 e-con-full e-flex e-con e-parent\" data-id=\"8ba3e98\" data-element_type=\"container\" data-e-type=\"container\">\n\t\t\t\t<div class=\"elementor-element elementor-element-8fc6cd0 elementor-widget elementor-widget-bt-text-left-light\" data-id=\"8fc6cd0\" data-element_type=\"widget\" data-e-type=\"widget\" data-widget_type=\"bt-text-left-light.default\">\n\t\t\t\t<div class=\"elementor-widget-container\">\n\t\t\t\t\t        <div class=\"bt-text-left-light\">\n            <div class=\"content-wrapper\">\n                <div class=\"text-content\">\n                                            <h2 class=\"title\">\n                                                            Autonomisation des employ\u00e9s                                                                                         <span class=\"highlight\">et des partenaires.<\/span>\n                                                    <\/h2>\n                    \n                                            <div class=\"content\">\n                            <p><strong>La formation est b\u00e9n\u00e9fique pour tous.<\/strong><\/p><p><span style=\"font-weight: 200\">Nous croyons en l'autonomisation de nos employ\u00e9s et de nos partenaires en leur fournissant les connaissances n\u00e9cessaires pour identifier et lutter contre le travail des enfants et le travail forc\u00e9. Nos programmes de formation complets couvrent les lois pertinentes, les politiques de l'entreprise et les proc\u00e9dures de signalement. En favorisant la sensibilisation et l'\u00e9ducation, nous renfor\u00e7ons notre capacit\u00e9 collective \u00e0 maintenir des pratiques \u00e9thiques tout au long de notre cha\u00eene d'approvisionnement.<\/span><\/p><p><strong>L'am\u00e9lioration continue est notre priorit\u00e9.<\/strong><\/p><p><span style=\"font-weight: 200\">Produits forestiers Canoe s'engage \u00e0 \u00e9valuer et \u00e0 am\u00e9liorer r\u00e9guli\u00e8rement nos politiques et proc\u00e9dures relatives au travail forc\u00e9 et au travail des enfants. Gr\u00e2ce \u00e0 des \u00e9valuations continues, des m\u00e9canismes de r\u00e9troaction et des examens p\u00e9riodiques, nous veillons \u00e0 ce que nos efforts soient conformes aux exigences l\u00e9gales et aux meilleures pratiques de l'industrie. Cet engagement envers l'am\u00e9lioration continue nous aide \u00e0 maintenir une cha\u00eene d'approvisionnement \u00e9thique et transparente.<\/span><\/p><p><strong>Notre d\u00e9vouement \u00e0 la conduite \u00e9thique.<\/strong><\/p><p><span style=\"font-weight: 200\">Nous sommes fiers de notre engagement \u00e0 pr\u00e9venir le travail des enfants et le travail forc\u00e9 dans notre cha\u00eene d'approvisionnement. Nos processus de diligence raisonnable rigoureux et nos normes \u00e9thiques in\u00e9branlables t\u00e9moignent de notre d\u00e9vouement \u00e0 des pratiques commerciales responsables. En maintenant cet accent, nous contribuons au bien-\u00eatre des travailleurs et des communaut\u00e9s li\u00e9es \u00e0 nos op\u00e9rations.<\/span><\/p><p><span style=\"font-weight: 200\">Produits forestiers Canoe reste ferme dans sa volont\u00e9 de respecter ces principes, garantissant que notre cha\u00eene d'approvisionnement demeure exempte de travail des enfants et de travail forc\u00e9. Cet engagement fait partie int\u00e9grante de notre responsabilit\u00e9 d'entreprise, refl\u00e9tant nos valeurs fondamentales et notre d\u00e9vouement \u00e0 l'excellence \u00e9thique.<\/span><\/p>                        <\/div>\n                                    <\/div>\n                <div class=\"box-image\">\n                    <div class=\"image-top\">\n                                                    <img decoding=\"async\" width=\"2048\" height=\"1365\" src=\"https:\/\/similkameenfp.com\/wp-content\/uploads\/2025\/11\/IMG_5569-2048x1365-1.jpg\" class=\"attachment-full size-full wp-image-7304\" alt=\"\" srcset=\"https:\/\/similkameenfp.com\/wp-content\/uploads\/2025\/11\/IMG_5569-2048x1365-1.jpg 2048w, https:\/\/similkameenfp.com\/wp-content\/uploads\/2025\/11\/IMG_5569-2048x1365-1-300x200.jpg 300w, https:\/\/similkameenfp.com\/wp-content\/uploads\/2025\/11\/IMG_5569-2048x1365-1-1024x683.jpg 1024w, https:\/\/similkameenfp.com\/wp-content\/uploads\/2025\/11\/IMG_5569-2048x1365-1-768x512.jpg 768w, https:\/\/similkameenfp.com\/wp-content\/uploads\/2025\/11\/IMG_5569-2048x1365-1-1536x1024.jpg 1536w, https:\/\/similkameenfp.com\/wp-content\/uploads\/2025\/11\/IMG_5569-2048x1365-1-600x400.jpg 600w, https:\/\/similkameenfp.com\/wp-content\/uploads\/2025\/11\/IMG_5569-2048x1365-1-1200x800.jpg 1200w, https:\/\/similkameenfp.com\/wp-content\/uploads\/2025\/11\/IMG_5569-2048x1365-1-1400x933.jpg 1400w\" sizes=\"(max-width: 2048px) 100vw, 2048px\" \/>                                            <\/div>\n                    <div class=\"image-bottom\">\n                                                    <img decoding=\"async\" width=\"1924\" height=\"1074\" src=\"https:\/\/similkameenfp.com\/wp-content\/uploads\/2025\/11\/Screenshot-2025-11-20-at-9.37.45-AM.png\" class=\"attachment-full size-full wp-image-7300\" alt=\"\" srcset=\"https:\/\/similkameenfp.com\/wp-content\/uploads\/2025\/11\/Screenshot-2025-11-20-at-9.37.45-AM.png 1924w, https:\/\/similkameenfp.com\/wp-content\/uploads\/2025\/11\/Screenshot-2025-11-20-at-9.37.45-AM-300x167.png 300w, https:\/\/similkameenfp.com\/wp-content\/uploads\/2025\/11\/Screenshot-2025-11-20-at-9.37.45-AM-1024x572.png 1024w, https:\/\/similkameenfp.com\/wp-content\/uploads\/2025\/11\/Screenshot-2025-11-20-at-9.37.45-AM-768x429.png 768w, https:\/\/similkameenfp.com\/wp-content\/uploads\/2025\/11\/Screenshot-2025-11-20-at-9.37.45-AM-1536x857.png 1536w, https:\/\/similkameenfp.com\/wp-content\/uploads\/2025\/11\/Screenshot-2025-11-20-at-9.37.45-AM-1200x670.png 1200w, https:\/\/similkameenfp.com\/wp-content\/uploads\/2025\/11\/Screenshot-2025-11-20-at-9.37.45-AM-1400x781.png 1400w\" sizes=\"(max-width: 1924px) 100vw, 1924px\" \/>                                            <\/div>\n                <\/div>\n            <\/div>\n        <\/div>\n\t\t\t\t<\/div>\n\t\t\t\t<\/div>\n\t\t\t\t<\/div>\n\t\t<div class=\"elementor-element elementor-element-d430c24 e-flex e-con-boxed e-con e-parent\" data-id=\"d430c24\" data-element_type=\"container\" data-e-type=\"container\" data-settings=\"{&quot;background_background&quot;:&quot;classic&quot;}\">\n\t\t\t\t\t<div class=\"e-con-inner\">\n\t\t\t\t<div class=\"elementor-element elementor-element-89b855a elementor-widget__width-initial elementor-widget elementor-widget-heading\" data-id=\"89b855a\" data-element_type=\"widget\" data-e-type=\"widget\" data-settings=\"{&quot;_animation_mobile&quot;:&quot;none&quot;}\" data-widget_type=\"heading.default\">\n\t\t\t\t<div class=\"elementor-widget-container\">\n\t\t\t\t\t<h2 class=\"elementor-heading-title elementor-size-default\">Inscrivez-vous <br \/>\n<span>\u00e0 l\u2019infolettre.<\/span><\/h2>\t\t\t\t<\/div>\n\t\t\t\t<\/div>\n\t\t\t\t<div class=\"elementor-element elementor-element-491f762 elementor-widget__width-initial animated-fast elementor-invisible elementor-widget elementor-widget-text-editor\" data-id=\"491f762\" data-element_type=\"widget\" data-e-type=\"widget\" data-settings=\"{&quot;_animation&quot;:&quot;zoomIn&quot;,&quot;_animation_delay&quot;:150}\" data-widget_type=\"text-editor.default\">\n\t\t\t\t<div class=\"elementor-widget-container\">\n\t\t\t\t\t\t\t\t\t<span style=\"font-weight: 200;\">Envie de rester inform\u00e9? Inscrivez-vous \u00e0 notre infolettre et recevez directement dans votre bo\u00eete de r\u00e9ception des nouvelles passionnantes sur nos derniers produits, nos initiatives communautaires, ainsi que des mises \u00e0 jour sur notre entreprise. Ne manquez pas l&rsquo;occasion de faire partie de notre communaut\u00e9 dynamique. Rejoignez-nous d\u00e8s aujourd&rsquo;hui!<\/span>\t\t\t\t\t\t\t\t<\/div>\n\t\t\t\t<\/div>\n\t\t\t\t<div class=\"elementor-element elementor-element-adf89ed elementor-align-left elementor-widget__width-initial elementor-invisible elementor-widget elementor-widget-button\" data-id=\"adf89ed\" data-element_type=\"widget\" data-e-type=\"widget\" data-settings=\"{&quot;_animation&quot;:&quot;slideInUp&quot;,&quot;_animation_mobile&quot;:&quot;none&quot;}\" data-widget_type=\"button.default\">\n\t\t\t\t<div class=\"elementor-widget-container\">\n\t\t\t\t\t\t\t\t\t<div class=\"elementor-button-wrapper\">\n\t\t\t\t\t<a class=\"elementor-button elementor-button-link elementor-size-sm\" href=\"#elementor-action%3Aaction%3Dpopup%3Aopen%26settings%3DeyJpZCI6Njk5MywidG9nZ2xlIjpmYWxzZX0%3D\">\n\t\t\t\t\t\t<span class=\"elementor-button-content-wrapper\">\n\t\t\t\t\t\t\t\t\t<span class=\"elementor-button-text\">S\u2019inscrire<\/span>\n\t\t\t\t\t<\/span>\n\t\t\t\t\t<\/a>\n\t\t\t\t<\/div>\n\t\t\t\t\t\t\t\t<\/div>\n\t\t\t\t<\/div>\n\t\t\t\t\t<\/div>\n\t\t\t\t<\/div>\n\t\t\t\t<\/div>\n\t\t","protected":false},"excerpt":{"rendered":"<p>Gestion \u00e9thique de la cha\u00eene d&rsquo;approvisionnement Nous nous engageons \u00e0 respecter les normes les plus \u00e9lev\u00e9es en mati\u00e8re de conduite \u00e9thique Nous nous assurons que votre cha\u00eene d&rsquo;approvisionnement demeure exempt\u00e9s de travail des enfants et de travail forc\u00e9. L&rsquo;approvisionnement \u00e9thique est la responsabilit\u00e9 de tous. Chez Produits forestiers Canoe, nous reconnaissons que le succ\u00e8s de &hellip;<\/p>\n","protected":false},"author":1,"featured_media":0,"parent":7408,"menu_order":0,"comment_status":"closed","ping_status":"closed","template":"elementor_header_footer","meta":{"_acf_changed":false,"_genesis_block_theme_hide_title":false,"footnotes":""},"class_list":["post-7415","page","type-page","status-publish","hentry","post","without-featured-image"],"acf":[],"featured_image_src":null,"featured_image_src_square":null,"_links":{"self":[{"href":"https:\/\/similkameenfp.com\/fr\/wp-json\/wp\/v2\/pages\/7415","targetHints":{"allow":["GET"]}}],"collection":[{"href":"https:\/\/similkameenfp.com\/fr\/wp-json\/wp\/v2\/pages"}],"about":[{"href":"https:\/\/similkameenfp.com\/fr\/wp-json\/wp\/v2\/types\/page"}],"author":[{"embeddable":true,"href":"https:\/\/similkameenfp.com\/fr\/wp-json\/wp\/v2\/users\/1"}],"replies":[{"embeddable":true,"href":"https:\/\/similkameenfp.com\/fr\/wp-json\/wp\/v2\/comments?post=7415"}],"version-history":[{"count":0,"href":"https:\/\/similkameenfp.com\/fr\/wp-json\/wp\/v2\/pages\/7415\/revisions"}],"up":[{"embeddable":true,"href":"https:\/\/similkameenfp.com\/fr\/wp-json\/wp\/v2\/pages\/7408"}],"wp:attachment":[{"href":"https:\/\/similkameenfp.com\/fr\/wp-json\/wp\/v2\/media?parent=7415"}],"curies":[{"name":"wp","href":"https:\/\/api.w.org\/{rel}","templated":true}]}}